{"id":5720,"date":"2024-03-20T14:05:57","date_gmt":"2024-03-20T14:05:57","guid":{"rendered":"https:\/\/la-vie-et-apres.fr\/book\/"},"modified":"2025-07-07T12:32:30","modified_gmt":"2025-07-07T12:32:30","slug":"love-is-the-only-thing-that-matters-book","status":"publish","type":"page","link":"https:\/\/la-vie-et-apres.fr\/en\/love-is-the-only-thing-that-matters-book\/","title":{"rendered":"Love is the only thing that matters"},"content":{"rendered":"\n<figure class=\"wp-block-image size-full is-resized is-style-default\"><img loading=\"lazy\" decoding=\"async\" width=\"848\" height=\"1200\" src=\"https:\/\/la-vie-et-apres.fr\/wp-content\/uploads\/2024\/03\/Flyer-livre-Stephane-Bourboulon-1.jpg\" alt=\"\" class=\"wp-image-5003\" style=\"width:482px;height:auto\" srcset=\"https:\/\/la-vie-et-apres.fr\/wp-content\/uploads\/2024\/03\/Flyer-livre-Stephane-Bourboulon-1.jpg 848w, https:\/\/la-vie-et-apres.fr\/wp-content\/uploads\/2024\/03\/Flyer-livre-Stephane-Bourboulon-1-212x300.jpg 212w, https:\/\/la-vie-et-apres.fr\/wp-content\/uploads\/2024\/03\/Flyer-livre-Stephane-Bourboulon-1-724x1024.jpg 724w, https:\/\/la-vie-et-apres.fr\/wp-content\/uploads\/2024\/03\/Flyer-livre-Stephane-Bourboulon-1-768x1087.jpg 768w\" sizes=\"auto, (max-width: 848px) 100vw, 848px\" \/><\/figure>\n\n\n\n<p class=\"has-text-align-left\"><strong>Do you know about Near Death Experiences?  <\/strong><\/p>\n\n\n\n<p class=\"has-text-align-left\">Behind these fascinating stories lies a message of hope and joy about life after life.<\/p>\n\n\n\n<p class=\"has-text-align-left\">At the heart of every near-death experience is a universal and deeply moving message: Love is the only thing that counts, in this life and the next.<\/p>\n\n\n\n<p class=\"has-text-align-left\">Dive into the depths of these captivating stories, which lift the veil on the mystery of the afterlife: death does not exist, life has magnificent meaning and Love is the ultimate reality.<\/p>\n\n\n\n<p class=\"has-text-align-left\">Under the pseudonym St\u00e9phane Bourboulon, discover a magistrate passionate about spirituality and a researcher committed to the quest for meaning.  <\/p>\n\n\n\n<p class=\"has-text-align-left\">His profound work sheds light on the connections between NDE and spirituality, both stemming from the same source of love and light.<\/p>\n\n\n\n<p class=\"has-text-align-left\">Explore the unforgettable world of &#8220;Love is the only thing that matters&#8221; and let yourself be transported by inspiring stories!<\/p>\n\n\n\n<p class=\"has-text-align-left\">Order now from your bookseller or online and take advantage of the introductory price: 2.99 euros for the digital version and 10 euros for the paper version, to be published in April 2024.<\/p>\n\n\n\n<div class=\"wp-block-buttons is-layout-flex wp-block-buttons-is-layout-flex\">\n<div class=\"wp-block-button\"><a class=\"wp-block-button__link wp-element-button\" href=\"https:\/\/www.fnac.com\/livre-numerique\/a20103622\/Stephane-Bourboulon-L-Amour-est-la-seule-chose-qui-compte\" target=\"_blank\" rel=\"noreferrer noopener\">Buy on Fnac.com<\/a><\/div>\n\n\n\n<div class=\"wp-block-button\"><a class=\"wp-block-button__link wp-element-button\" href=\"https:\/\/www.amazon.fr\/LAmour-est-seule-chose-compte-ebook\/dp\/B0CW1JSZK3\/\" target=\"_blank\" rel=\"noreferrer noopener\">Buy on Amazon.fr<\/a><\/div>\n<\/div>\n","protected":false},"excerpt":{"rendered":"<p>Do you know about Near Death Experiences? Behind these fascinating stories lies a message of hope and joy about life after life. At the heart of every near-death experience is a universal and deeply moving message: Love is the only thing that counts, in this life and the next. Dive into the depths of these [&hellip;]<\/p>\n","protected":false},"author":3,"featured_media":0,"parent":0,"menu_order":0,"comment_status":"closed","ping_status":"closed","template":"","meta":{"_uag_custom_page_level_css":"","_monsterinsights_skip_tracking":false,"_monsterinsights_sitenote_active":false,"_monsterinsights_sitenote_note":"","_monsterinsights_sitenote_category":0,"_uf_show_specific_survey":0,"_uf_disable_surveys":false,"site-sidebar-layout":"default","site-content-layout":"","ast-site-content-layout":"","site-content-style":"default","site-sidebar-style":"default","ast-global-header-display":"","ast-banner-title-visibility":"","ast-main-header-display":"","ast-hfb-above-header-display":"","ast-hfb-below-header-display":"","ast-hfb-mobile-header-display":"","site-post-title":"","ast-breadcrumbs-content":"","ast-featured-img":"","footer-sml-layout":"","theme-transparent-header-meta":"","adv-header-id-meta":"","stick-header-meta":"","header-above-stick-meta":"","header-main-stick-meta":"","header-below-stick-meta":"","astra-migrate-meta-layouts":"default","ast-page-background-enabled":"default","ast-page-background-meta":{"desktop":{"background-color":"var(--ast-global-color-4)","background-image":"","background-repeat":"repeat","background-position":"center center","background-size":"auto","background-attachment":"scroll","background-type":"","background-media":"","overlay-type":"","overlay-color":"","overlay-opacity":"","overlay-gradient":""},"tablet":{"background-color":"","background-image":"","background-repeat":"repeat","background-position":"center center","background-size":"auto","background-attachment":"scroll","background-type":"","background-media":"","overlay-type":"","overlay-color":"","overlay-opacity":"","overlay-gradient":""},"mobile":{"background-color":"","background-image":"","background-repeat":"repeat","background-position":"center center","background-size":"auto","background-attachment":"scroll","background-type":"","background-media":"","overlay-type":"","overlay-color":"","overlay-opacity":"","overlay-gradient":""}},"ast-content-background-meta":{"desktop":{"background-color":"var(--ast-global-color-5)","background-image":"","background-repeat":"repeat","background-position":"center center","background-size":"auto","background-attachment":"scroll","background-type":"","background-media":"","overlay-type":"","overlay-color":"","overlay-opacity":"","overlay-gradient":""},"tablet":{"background-color":"var(--ast-global-color-5)","background-image":"","background-repeat":"repeat","background-position":"center center","background-size":"auto","background-attachment":"scroll","background-type":"","background-media":"","overlay-type":"","overlay-color":"","overlay-opacity":"","overlay-gradient":""},"mobile":{"background-color":"var(--ast-global-color-5)","background-image":"","background-repeat":"repeat","background-position":"center center","background-size":"auto","background-attachment":"scroll","background-type":"","background-media":"","overlay-type":"","overlay-color":"","overlay-opacity":"","overlay-gradient":""}},"footnotes":""},"class_list":["post-5720","page","type-page","status-publish","hentry"],"yoast_head":"<!-- This site is optimized with the Yoast SEO Premium plugin v24.9 (Yoast SEO v27.5) - https:\/\/yoast.com\/product\/yoast-seo-premium-wordpress\/ -->\n<title>Love is the only thing that matters - La Vie, et Apr\u00e8s<\/title>\n<meta name=\"robots\" content=\"index, follow, max-snippet:-1, max-image-preview:large, max-video-preview:-1\" \/>\n<link rel=\"canonical\" href=\"https:\/\/la-vie-et-apres.fr\/en\/love-is-the-only-thing-that-matters-book\/\" \/>\n<meta property=\"og:locale\" content=\"en_US\" \/>\n<meta property=\"og:type\" content=\"article\" \/>\n<meta property=\"og:title\" content=\"Love is the only thing that matters\" \/>\n<meta property=\"og:description\" content=\"Do you know about Near Death Experiences? Behind these fascinating stories lies a message of hope and joy about life after life. At the heart of every near-death experience is a universal and deeply moving message: Love is the only thing that counts, in this life and the next. Dive into the depths of these [&hellip;]\" \/>\n<meta property=\"og:url\" content=\"https:\/\/la-vie-et-apres.fr\/en\/love-is-the-only-thing-that-matters-book\/\" \/>\n<meta property=\"og:site_name\" content=\"La Vie, et Apr\u00e8s\" \/>\n<meta property=\"article:publisher\" content=\"https:\/\/www.facebook.com\/profile.php?id=61556951952938\" \/>\n<meta property=\"article:modified_time\" content=\"2025-07-07T12:32:30+00:00\" \/>\n<meta property=\"og:image\" content=\"https:\/\/la-vie-et-apres.fr\/wp-content\/uploads\/2024\/03\/Flyer-livre-Stephane-Bourboulon-1.jpg\" \/>\n\t<meta property=\"og:image:width\" content=\"848\" \/>\n\t<meta property=\"og:image:height\" content=\"1200\" \/>\n\t<meta property=\"og:image:type\" content=\"image\/jpeg\" \/>\n<meta name=\"twitter:card\" content=\"summary_large_image\" \/>\n<meta name=\"twitter:label1\" content=\"Est. reading time\" \/>\n\t<meta name=\"twitter:data1\" content=\"2 minutes\" \/>\n<script type=\"application\/ld+json\" class=\"yoast-schema-graph\">{\"@context\":\"https:\\\/\\\/schema.org\",\"@graph\":[{\"@type\":\"WebPage\",\"@id\":\"https:\\\/\\\/la-vie-et-apres.fr\\\/en\\\/love-is-the-only-thing-that-matters-book\\\/\",\"url\":\"https:\\\/\\\/la-vie-et-apres.fr\\\/en\\\/love-is-the-only-thing-that-matters-book\\\/\",\"name\":\"Love is the only thing that matters - La Vie, et Apr\u00e8s\",\"isPartOf\":{\"@id\":\"https:\\\/\\\/la-vie-et-apres.fr\\\/en\\\/#website\"},\"primaryImageOfPage\":{\"@id\":\"https:\\\/\\\/la-vie-et-apres.fr\\\/en\\\/love-is-the-only-thing-that-matters-book\\\/#primaryimage\"},\"image\":{\"@id\":\"https:\\\/\\\/la-vie-et-apres.fr\\\/en\\\/love-is-the-only-thing-that-matters-book\\\/#primaryimage\"},\"thumbnailUrl\":\"https:\\\/\\\/la-vie-et-apres.fr\\\/wp-content\\\/uploads\\\/2024\\\/03\\\/Flyer-livre-Stephane-Bourboulon-1.jpg\",\"datePublished\":\"2024-03-20T14:05:57+00:00\",\"dateModified\":\"2025-07-07T12:32:30+00:00\",\"breadcrumb\":{\"@id\":\"https:\\\/\\\/la-vie-et-apres.fr\\\/en\\\/love-is-the-only-thing-that-matters-book\\\/#breadcrumb\"},\"inLanguage\":\"en-US\",\"potentialAction\":[{\"@type\":\"ReadAction\",\"target\":[\"https:\\\/\\\/la-vie-et-apres.fr\\\/en\\\/love-is-the-only-thing-that-matters-book\\\/\"]}]},{\"@type\":\"ImageObject\",\"inLanguage\":\"en-US\",\"@id\":\"https:\\\/\\\/la-vie-et-apres.fr\\\/en\\\/love-is-the-only-thing-that-matters-book\\\/#primaryimage\",\"url\":\"https:\\\/\\\/la-vie-et-apres.fr\\\/wp-content\\\/uploads\\\/2024\\\/03\\\/Flyer-livre-Stephane-Bourboulon-1.jpg\",\"contentUrl\":\"https:\\\/\\\/la-vie-et-apres.fr\\\/wp-content\\\/uploads\\\/2024\\\/03\\\/Flyer-livre-Stephane-Bourboulon-1.jpg\"},{\"@type\":\"BreadcrumbList\",\"@id\":\"https:\\\/\\\/la-vie-et-apres.fr\\\/en\\\/love-is-the-only-thing-that-matters-book\\\/#breadcrumb\",\"itemListElement\":[{\"@type\":\"ListItem\",\"position\":1,\"name\":\"Accueil\",\"item\":\"https:\\\/\\\/la-vie-et-apres.fr\\\/en\\\/home\\\/\"},{\"@type\":\"ListItem\",\"position\":2,\"name\":\"Love is the only thing that matters\"}]},{\"@type\":\"WebSite\",\"@id\":\"https:\\\/\\\/la-vie-et-apres.fr\\\/en\\\/#website\",\"url\":\"https:\\\/\\\/la-vie-et-apres.fr\\\/en\\\/\",\"name\":\"La vie et apr\u00e8s...\",\"description\":\"Exp\u00e9riences de mort imminente, vie apr\u00e8s la mort\",\"publisher\":{\"@id\":\"https:\\\/\\\/la-vie-et-apres.fr\\\/en\\\/#\\\/schema\\\/person\\\/acdfe2f65c2b4303a640ec9e7e4965c2\"},\"potentialAction\":[{\"@type\":\"SearchAction\",\"target\":{\"@type\":\"EntryPoint\",\"urlTemplate\":\"https:\\\/\\\/la-vie-et-apres.fr\\\/en\\\/?s={search_term_string}\"},\"query-input\":{\"@type\":\"PropertyValueSpecification\",\"valueRequired\":true,\"valueName\":\"search_term_string\"}}],\"inLanguage\":\"en-US\"},{\"@type\":[\"Person\",\"Organization\"],\"@id\":\"https:\\\/\\\/la-vie-et-apres.fr\\\/en\\\/#\\\/schema\\\/person\\\/acdfe2f65c2b4303a640ec9e7e4965c2\",\"name\":\"St\u00e9phane Bourboulon\",\"image\":{\"@type\":\"ImageObject\",\"inLanguage\":\"en-US\",\"@id\":\"https:\\\/\\\/secure.gravatar.com\\\/avatar\\\/cd8f9a0c0b9bc539f40046d471caa518a55e72177c3eabc2bb94ca292ada580b?s=96&d=mm&r=g\",\"url\":\"https:\\\/\\\/secure.gravatar.com\\\/avatar\\\/cd8f9a0c0b9bc539f40046d471caa518a55e72177c3eabc2bb94ca292ada580b?s=96&d=mm&r=g\",\"contentUrl\":\"https:\\\/\\\/secure.gravatar.com\\\/avatar\\\/cd8f9a0c0b9bc539f40046d471caa518a55e72177c3eabc2bb94ca292ada580b?s=96&d=mm&r=g\",\"caption\":\"St\u00e9phane Bourboulon\"},\"logo\":{\"@id\":\"https:\\\/\\\/secure.gravatar.com\\\/avatar\\\/cd8f9a0c0b9bc539f40046d471caa518a55e72177c3eabc2bb94ca292ada580b?s=96&d=mm&r=g\"},\"description\":\"Apr\u00e8s avoir v\u00e9cu une profonde exp\u00e9rience spirituelle, St\u00e9phane Bourboulon s'est passionn\u00e9 pour les liens entre les EMI (exp\u00e9riences de mort imminente) et la spiritualit\u00e9. Il est remont\u00e9 pas \u00e0 pas le long de ces deux courants de Vie et montre qu\u2019ils proviennent de la m\u00eame Source : une \u00e9nergie d\u2019Amour absolu, infini et inconditionnel. Cette \u00e9nergie n\u2019attend que notre accord pour nous remplir de joie, d\u00e8s maintenant.\",\"sameAs\":[\"https:\\\/\\\/la-vie-et-apres.fr\\\/\",\"https:\\\/\\\/www.facebook.com\\\/profile.php?id=61556951952938\"]}]}<\/script>\n<!-- \/ Yoast SEO Premium plugin. -->","yoast_head_json":{"title":"Love is the only thing that matters - La Vie, et Apr\u00e8s","robots":{"index":"index","follow":"follow","max-snippet":"max-snippet:-1","max-image-preview":"max-image-preview:large","max-video-preview":"max-video-preview:-1"},"canonical":"https:\/\/la-vie-et-apres.fr\/en\/love-is-the-only-thing-that-matters-book\/","og_locale":"en_US","og_type":"article","og_title":"Love is the only thing that matters","og_description":"Do you know about Near Death Experiences? Behind these fascinating stories lies a message of hope and joy about life after life. At the heart of every near-death experience is a universal and deeply moving message: Love is the only thing that counts, in this life and the next. Dive into the depths of these [&hellip;]","og_url":"https:\/\/la-vie-et-apres.fr\/en\/love-is-the-only-thing-that-matters-book\/","og_site_name":"La Vie, et Apr\u00e8s","article_publisher":"https:\/\/www.facebook.com\/profile.php?id=61556951952938","article_modified_time":"2025-07-07T12:32:30+00:00","og_image":[{"width":848,"height":1200,"url":"https:\/\/la-vie-et-apres.fr\/wp-content\/uploads\/2024\/03\/Flyer-livre-Stephane-Bourboulon-1.jpg","type":"image\/jpeg"}],"twitter_card":"summary_large_image","twitter_misc":{"Est. reading time":"2 minutes"},"schema":{"@context":"https:\/\/schema.org","@graph":[{"@type":"WebPage","@id":"https:\/\/la-vie-et-apres.fr\/en\/love-is-the-only-thing-that-matters-book\/","url":"https:\/\/la-vie-et-apres.fr\/en\/love-is-the-only-thing-that-matters-book\/","name":"Love is the only thing that matters - La Vie, et Apr\u00e8s","isPartOf":{"@id":"https:\/\/la-vie-et-apres.fr\/en\/#website"},"primaryImageOfPage":{"@id":"https:\/\/la-vie-et-apres.fr\/en\/love-is-the-only-thing-that-matters-book\/#primaryimage"},"image":{"@id":"https:\/\/la-vie-et-apres.fr\/en\/love-is-the-only-thing-that-matters-book\/#primaryimage"},"thumbnailUrl":"https:\/\/la-vie-et-apres.fr\/wp-content\/uploads\/2024\/03\/Flyer-livre-Stephane-Bourboulon-1.jpg","datePublished":"2024-03-20T14:05:57+00:00","dateModified":"2025-07-07T12:32:30+00:00","breadcrumb":{"@id":"https:\/\/la-vie-et-apres.fr\/en\/love-is-the-only-thing-that-matters-book\/#breadcrumb"},"inLanguage":"en-US","potentialAction":[{"@type":"ReadAction","target":["https:\/\/la-vie-et-apres.fr\/en\/love-is-the-only-thing-that-matters-book\/"]}]},{"@type":"ImageObject","inLanguage":"en-US","@id":"https:\/\/la-vie-et-apres.fr\/en\/love-is-the-only-thing-that-matters-book\/#primaryimage","url":"https:\/\/la-vie-et-apres.fr\/wp-content\/uploads\/2024\/03\/Flyer-livre-Stephane-Bourboulon-1.jpg","contentUrl":"https:\/\/la-vie-et-apres.fr\/wp-content\/uploads\/2024\/03\/Flyer-livre-Stephane-Bourboulon-1.jpg"},{"@type":"BreadcrumbList","@id":"https:\/\/la-vie-et-apres.fr\/en\/love-is-the-only-thing-that-matters-book\/#breadcrumb","itemListElement":[{"@type":"ListItem","position":1,"name":"Accueil","item":"https:\/\/la-vie-et-apres.fr\/en\/home\/"},{"@type":"ListItem","position":2,"name":"Love is the only thing that matters"}]},{"@type":"WebSite","@id":"https:\/\/la-vie-et-apres.fr\/en\/#website","url":"https:\/\/la-vie-et-apres.fr\/en\/","name":"La vie et apr\u00e8s...","description":"Exp\u00e9riences de mort imminente, vie apr\u00e8s la mort","publisher":{"@id":"https:\/\/la-vie-et-apres.fr\/en\/#\/schema\/person\/acdfe2f65c2b4303a640ec9e7e4965c2"},"potentialAction":[{"@type":"SearchAction","target":{"@type":"EntryPoint","urlTemplate":"https:\/\/la-vie-et-apres.fr\/en\/?s={search_term_string}"},"query-input":{"@type":"PropertyValueSpecification","valueRequired":true,"valueName":"search_term_string"}}],"inLanguage":"en-US"},{"@type":["Person","Organization"],"@id":"https:\/\/la-vie-et-apres.fr\/en\/#\/schema\/person\/acdfe2f65c2b4303a640ec9e7e4965c2","name":"St\u00e9phane Bourboulon","image":{"@type":"ImageObject","inLanguage":"en-US","@id":"https:\/\/secure.gravatar.com\/avatar\/cd8f9a0c0b9bc539f40046d471caa518a55e72177c3eabc2bb94ca292ada580b?s=96&d=mm&r=g","url":"https:\/\/secure.gravatar.com\/avatar\/cd8f9a0c0b9bc539f40046d471caa518a55e72177c3eabc2bb94ca292ada580b?s=96&d=mm&r=g","contentUrl":"https:\/\/secure.gravatar.com\/avatar\/cd8f9a0c0b9bc539f40046d471caa518a55e72177c3eabc2bb94ca292ada580b?s=96&d=mm&r=g","caption":"St\u00e9phane Bourboulon"},"logo":{"@id":"https:\/\/secure.gravatar.com\/avatar\/cd8f9a0c0b9bc539f40046d471caa518a55e72177c3eabc2bb94ca292ada580b?s=96&d=mm&r=g"},"description":"Apr\u00e8s avoir v\u00e9cu une profonde exp\u00e9rience spirituelle, St\u00e9phane Bourboulon s'est passionn\u00e9 pour les liens entre les EMI (exp\u00e9riences de mort imminente) et la spiritualit\u00e9. Il est remont\u00e9 pas \u00e0 pas le long de ces deux courants de Vie et montre qu\u2019ils proviennent de la m\u00eame Source : une \u00e9nergie d\u2019Amour absolu, infini et inconditionnel. Cette \u00e9nergie n\u2019attend que notre accord pour nous remplir de joie, d\u00e8s maintenant.","sameAs":["https:\/\/la-vie-et-apres.fr\/","https:\/\/www.facebook.com\/profile.php?id=61556951952938"]}]}},"uagb_featured_image_src":{"full":false,"thumbnail":false,"medium":false,"medium_large":false,"large":false,"1536x1536":false,"2048x2048":false},"uagb_author_info":{"display_name":"St\u00e9phane Bourboulon","author_link":"https:\/\/la-vie-et-apres.fr\/en\/author\/julienwegnergmail-com\/"},"uagb_comment_info":0,"uagb_excerpt":"Do you know about Near Death Experiences? Behind these fascinating stories lies a message of hope and joy about life after life. At the heart of every near-death experience is a universal and deeply moving message: Love is the only thing that counts, in this life and the next. Dive into the depths of these&hellip;","_links":{"self":[{"href":"https:\/\/la-vie-et-apres.fr\/en\/wp-json\/wp\/v2\/pages\/5720","targetHints":{"allow":["GET"]}}],"collection":[{"href":"https:\/\/la-vie-et-apres.fr\/en\/wp-json\/wp\/v2\/pages"}],"about":[{"href":"https:\/\/la-vie-et-apres.fr\/en\/wp-json\/wp\/v2\/types\/page"}],"author":[{"embeddable":true,"href":"https:\/\/la-vie-et-apres.fr\/en\/wp-json\/wp\/v2\/users\/3"}],"replies":[{"embeddable":true,"href":"https:\/\/la-vie-et-apres.fr\/en\/wp-json\/wp\/v2\/comments?post=5720"}],"version-history":[{"count":3,"href":"https:\/\/la-vie-et-apres.fr\/en\/wp-json\/wp\/v2\/pages\/5720\/revisions"}],"predecessor-version":[{"id":7097,"href":"https:\/\/la-vie-et-apres.fr\/en\/wp-json\/wp\/v2\/pages\/5720\/revisions\/7097"}],"wp:attachment":[{"href":"https:\/\/la-vie-et-apres.fr\/en\/wp-json\/wp\/v2\/media?parent=5720"}],"curies":[{"name":"wp","href":"https:\/\/api.w.org\/{rel}","templated":true}]}}