{"id":7090,"date":"2025-07-07T12:10:19","date_gmt":"2025-07-07T12:10:19","guid":{"rendered":"https:\/\/la-vie-et-apres.fr\/when-light-transforms-us\/"},"modified":"2025-07-12T18:41:13","modified_gmt":"2025-07-12T18:41:13","slug":"when-light-transforms-us","status":"publish","type":"page","link":"https:\/\/la-vie-et-apres.fr\/en\/when-light-transforms-us\/","title":{"rendered":"When The Light Transforms Us"},"content":{"rendered":"\n<figure class=\"wp-block-image size-full is-resized is-style-default\"><img loading=\"lazy\" decoding=\"async\" width=\"1654\" height=\"2551\" src=\"https:\/\/la-vie-et-apres.fr\/wp-content\/uploads\/2025\/07\/Librinova_when-the-light-transforms-us.jpg\" alt=\"\" class=\"wp-image-7138\" style=\"width:461px;height:auto\" srcset=\"https:\/\/la-vie-et-apres.fr\/wp-content\/uploads\/2025\/07\/Librinova_when-the-light-transforms-us.jpg 1654w, https:\/\/la-vie-et-apres.fr\/wp-content\/uploads\/2025\/07\/Librinova_when-the-light-transforms-us-195x300.jpg 195w, https:\/\/la-vie-et-apres.fr\/wp-content\/uploads\/2025\/07\/Librinova_when-the-light-transforms-us-664x1024.jpg 664w, https:\/\/la-vie-et-apres.fr\/wp-content\/uploads\/2025\/07\/Librinova_when-the-light-transforms-us-768x1185.jpg 768w, https:\/\/la-vie-et-apres.fr\/wp-content\/uploads\/2025\/07\/Librinova_when-the-light-transforms-us-996x1536.jpg 996w, https:\/\/la-vie-et-apres.fr\/wp-content\/uploads\/2025\/07\/Librinova_when-the-light-transforms-us-1328x2048.jpg 1328w\" sizes=\"auto, (max-width: 1654px) 100vw, 1654px\" \/><\/figure>\n\n\n\n<h2 class=\"wp-block-heading has-medium-font-size\" id=\"h-what-if-love-is-the-only-thing-that-truly-matters\"><strong>What if Love is the Only Thing That Truly Matters?<\/strong><\/h2>\n\n\n\n<p><em>A journey through near-death experiences, spiritual awakenings, and the healing power of unconditional love.<\/em><\/p>\n\n\n\n<p>This moving and luminous book explores one of the most extraordinary spiritual revelations of our time: the powerful message carried by Near-Death Experiences (NDEs). Far from being mere accounts of the afterlife, NDEs are profound invitations to transform the way we live\u2009\u2013\u2009right here, right now.<\/p>\n\n\n\n<p>Drawing on NDEs\u2019 testimonies, as well as insights from major spiritual traditions and his own inner journey, the author reveals a simple yet revolutionary truth:<br><strong>You are infinitely loved, just as you are.<\/strong><\/p>\n\n\n\n<h2 class=\"wp-block-heading has-medium-font-size\" id=\"h-and-the-purpose-of-your-life-is-to-love-in-joy-in-freedom-and-in-unity\"><strong>And the purpose of your life is to love<\/strong><strong>\u2009<\/strong><strong>\u2013<\/strong><strong>\u2009<\/strong><strong>in joy, in freedom, and in unity.<\/strong><\/h2>\n\n\n\n<p>Whether or not you\u2019ve had a spiritual experience, this book offers a path to reconnect with what truly matters: loving yourself, healing your relationships, forgiving yourself and others, and opening to the energy of life that flows through all things.<\/p>\n\n\n\n<p>With clarity, tenderness, and depth, this book speaks to anyone who senses that there must be something more.<\/p>\n\n\n\n<p><strong>It\u2019s never too late to awaken to love.<\/strong><\/p>\n\n\n\n<p><strong>St\u00e9phane Bourboulon<\/strong> explores with rare sensitivity the luminous message of NDE and its links with various spiritual traditions. In this new book, he delves deeper into the transformative power of these extraordinary experiences, while sincerely sharing his own spiritual experiences. A profound and authentic testimony, at the crossroads of the intimate and the universal.<\/p>\n\n\n\n<p><\/p>\n\n\n\n<div class=\"wp-block-buttons is-layout-flex wp-block-buttons-is-layout-flex\">\n<div class=\"wp-block-button\"><a class=\"wp-block-button__link wp-element-button\" href=\"https:\/\/www.amazon.com\/When-Light-Transforms-Experiences-Consciousness-ebook\/dp\/B0FGJ9MRMX\/ref=sr_1_1?dib=eyJ2IjoiMSJ9.WrXpqpJ9wmuot_QPO_A_krLXaOL17XDzyw6nkIi_jpxh6zwOIvLQ1Z6w621MmCf3b_2NlCTm8859vaA8xSUgwA.7a0-8LU_vc8iuwge2d93skIvv9gDLJaUSrEi_jHcyDw&amp;dib_tag=se&amp;keywords=stephane+bourboulon&amp;qid=1752345504&amp;sr=8-1\" target=\"_blank\" rel=\"noreferrer noopener\">Buy on Amazon<\/a><\/div>\n<\/div>\n\n\n\n<p><\/p>\n\n\n\n<p><\/p>\n\n\n\n<p><\/p>\n\n\n\n<p><\/p>\n","protected":false},"excerpt":{"rendered":"<p>What if Love is the Only Thing That Truly Matters? A journey through near-death experiences, spiritual awakenings, and the healing power of unconditional love. This moving and luminous book explores one of the most extraordinary spiritual revelations of our time: the powerful message carried by Near-Death Experiences (NDEs). Far from being mere accounts of the [&hellip;]<\/p>\n","protected":false},"author":3,"featured_media":0,"parent":0,"menu_order":0,"comment_status":"closed","ping_status":"closed","template":"","meta":{"_uag_custom_page_level_css":"","_monsterinsights_skip_tracking":false,"_monsterinsights_sitenote_active":false,"_monsterinsights_sitenote_note":"","_monsterinsights_sitenote_category":0,"_uf_show_specific_survey":0,"_uf_disable_surveys":false,"site-sidebar-layout":"default","site-content-layout":"","ast-site-content-layout":"","site-content-style":"default","site-sidebar-style":"default","ast-global-header-display":"","ast-banner-title-visibility":"","ast-main-header-display":"","ast-hfb-above-header-display":"","ast-hfb-below-header-display":"","ast-hfb-mobile-header-display":"","site-post-title":"","ast-breadcrumbs-content":"","ast-featured-img":"","footer-sml-layout":"","theme-transparent-header-meta":"","adv-header-id-meta":"","stick-header-meta":"","header-above-stick-meta":"","header-main-stick-meta":"","header-below-stick-meta":"","astra-migrate-meta-layouts":"default","ast-page-background-enabled":"default","ast-page-background-meta":{"desktop":{"background-color":"var(--ast-global-color-4)","background-image":"","background-repeat":"repeat","background-position":"center center","background-size":"auto","background-attachment":"scroll","background-type":"","background-media":"","overlay-type":"","overlay-color":"","overlay-opacity":"","overlay-gradient":""},"tablet":{"background-color":"","background-image":"","background-repeat":"repeat","background-position":"center center","background-size":"auto","background-attachment":"scroll","background-type":"","background-media":"","overlay-type":"","overlay-color":"","overlay-opacity":"","overlay-gradient":""},"mobile":{"background-color":"","background-image":"","background-repeat":"repeat","background-position":"center center","background-size":"auto","background-attachment":"scroll","background-type":"","background-media":"","overlay-type":"","overlay-color":"","overlay-opacity":"","overlay-gradient":""}},"ast-content-background-meta":{"desktop":{"background-color":"var(--ast-global-color-5)","background-image":"","background-repeat":"repeat","background-position":"center center","background-size":"auto","background-attachment":"scroll","background-type":"","background-media":"","overlay-type":"","overlay-color":"","overlay-opacity":"","overlay-gradient":""},"tablet":{"background-color":"var(--ast-global-color-5)","background-image":"","background-repeat":"repeat","background-position":"center center","background-size":"auto","background-attachment":"scroll","background-type":"","background-media":"","overlay-type":"","overlay-color":"","overlay-opacity":"","overlay-gradient":""},"mobile":{"background-color":"var(--ast-global-color-5)","background-image":"","background-repeat":"repeat","background-position":"center center","background-size":"auto","background-attachment":"scroll","background-type":"","background-media":"","overlay-type":"","overlay-color":"","overlay-opacity":"","overlay-gradient":""}},"footnotes":""},"class_list":["post-7090","page","type-page","status-publish","hentry"],"yoast_head":"<!-- This site is optimized with the Yoast SEO Premium plugin v24.9 (Yoast SEO v27.5) - https:\/\/yoast.com\/product\/yoast-seo-premium-wordpress\/ -->\n<title>When The Light Transforms Us - La Vie, et Apr\u00e8s<\/title>\n<meta name=\"description\" content=\"A moving and luminous journey through near-death experiences, spiritual awakenings, and the healing power of unconditional love.\" \/>\n<meta name=\"robots\" content=\"index, follow, max-snippet:-1, max-image-preview:large, max-video-preview:-1\" \/>\n<link rel=\"canonical\" href=\"https:\/\/la-vie-et-apres.fr\/en\/when-light-transforms-us\/\" \/>\n<meta property=\"og:locale\" content=\"en_US\" \/>\n<meta property=\"og:type\" content=\"article\" \/>\n<meta property=\"og:title\" content=\"When The Light Transforms Us\" \/>\n<meta property=\"og:description\" content=\"A moving and luminous journey through near-death experiences, spiritual awakenings, and the healing power of unconditional love.\" \/>\n<meta property=\"og:url\" content=\"https:\/\/la-vie-et-apres.fr\/en\/when-light-transforms-us\/\" \/>\n<meta property=\"og:site_name\" content=\"La Vie, et Apr\u00e8s\" \/>\n<meta property=\"article:publisher\" content=\"https:\/\/www.facebook.com\/profile.php?id=61556951952938\" \/>\n<meta property=\"article:modified_time\" content=\"2025-07-12T18:41:13+00:00\" \/>\n<meta property=\"og:image\" content=\"https:\/\/la-vie-et-apres.fr\/wp-content\/uploads\/2025\/07\/Librinova_when-the-light-transforms-us-664x1024.jpg\" \/>\n\t<meta property=\"og:image:width\" content=\"664\" \/>\n\t<meta property=\"og:image:height\" content=\"1024\" \/>\n\t<meta property=\"og:image:type\" content=\"image\/jpeg\" \/>\n<meta name=\"twitter:card\" content=\"summary_large_image\" \/>\n<meta name=\"twitter:label1\" content=\"Est. reading time\" \/>\n\t<meta name=\"twitter:data1\" content=\"2 minutes\" \/>\n<script type=\"application\/ld+json\" class=\"yoast-schema-graph\">{\"@context\":\"https:\\\/\\\/schema.org\",\"@graph\":[{\"@type\":\"WebPage\",\"@id\":\"https:\\\/\\\/la-vie-et-apres.fr\\\/en\\\/when-light-transforms-us\\\/\",\"url\":\"https:\\\/\\\/la-vie-et-apres.fr\\\/en\\\/when-light-transforms-us\\\/\",\"name\":\"When The Light Transforms Us - La Vie, et Apr\u00e8s\",\"isPartOf\":{\"@id\":\"https:\\\/\\\/la-vie-et-apres.fr\\\/en\\\/#website\"},\"primaryImageOfPage\":{\"@id\":\"https:\\\/\\\/la-vie-et-apres.fr\\\/en\\\/when-light-transforms-us\\\/#primaryimage\"},\"image\":{\"@id\":\"https:\\\/\\\/la-vie-et-apres.fr\\\/en\\\/when-light-transforms-us\\\/#primaryimage\"},\"thumbnailUrl\":\"https:\\\/\\\/la-vie-et-apres.fr\\\/wp-content\\\/uploads\\\/2025\\\/07\\\/Librinova_when-the-light-transforms-us.jpg\",\"datePublished\":\"2025-07-07T12:10:19+00:00\",\"dateModified\":\"2025-07-12T18:41:13+00:00\",\"description\":\"A moving and luminous journey through near-death experiences, spiritual awakenings, and the healing power of unconditional love.\",\"breadcrumb\":{\"@id\":\"https:\\\/\\\/la-vie-et-apres.fr\\\/en\\\/when-light-transforms-us\\\/#breadcrumb\"},\"inLanguage\":\"en-US\",\"potentialAction\":[{\"@type\":\"ReadAction\",\"target\":[\"https:\\\/\\\/la-vie-et-apres.fr\\\/en\\\/when-light-transforms-us\\\/\"]}]},{\"@type\":\"ImageObject\",\"inLanguage\":\"en-US\",\"@id\":\"https:\\\/\\\/la-vie-et-apres.fr\\\/en\\\/when-light-transforms-us\\\/#primaryimage\",\"url\":\"https:\\\/\\\/la-vie-et-apres.fr\\\/wp-content\\\/uploads\\\/2025\\\/07\\\/Librinova_when-the-light-transforms-us.jpg\",\"contentUrl\":\"https:\\\/\\\/la-vie-et-apres.fr\\\/wp-content\\\/uploads\\\/2025\\\/07\\\/Librinova_when-the-light-transforms-us.jpg\"},{\"@type\":\"BreadcrumbList\",\"@id\":\"https:\\\/\\\/la-vie-et-apres.fr\\\/en\\\/when-light-transforms-us\\\/#breadcrumb\",\"itemListElement\":[{\"@type\":\"ListItem\",\"position\":1,\"name\":\"Accueil\",\"item\":\"https:\\\/\\\/la-vie-et-apres.fr\\\/en\\\/home\\\/\"},{\"@type\":\"ListItem\",\"position\":2,\"name\":\"When The Light Transforms Us\"}]},{\"@type\":\"WebSite\",\"@id\":\"https:\\\/\\\/la-vie-et-apres.fr\\\/en\\\/#website\",\"url\":\"https:\\\/\\\/la-vie-et-apres.fr\\\/en\\\/\",\"name\":\"La vie et apr\u00e8s...\",\"description\":\"Exp\u00e9riences de mort imminente, vie apr\u00e8s la mort\",\"publisher\":{\"@id\":\"https:\\\/\\\/la-vie-et-apres.fr\\\/en\\\/#\\\/schema\\\/person\\\/acdfe2f65c2b4303a640ec9e7e4965c2\"},\"potentialAction\":[{\"@type\":\"SearchAction\",\"target\":{\"@type\":\"EntryPoint\",\"urlTemplate\":\"https:\\\/\\\/la-vie-et-apres.fr\\\/en\\\/?s={search_term_string}\"},\"query-input\":{\"@type\":\"PropertyValueSpecification\",\"valueRequired\":true,\"valueName\":\"search_term_string\"}}],\"inLanguage\":\"en-US\"},{\"@type\":[\"Person\",\"Organization\"],\"@id\":\"https:\\\/\\\/la-vie-et-apres.fr\\\/en\\\/#\\\/schema\\\/person\\\/acdfe2f65c2b4303a640ec9e7e4965c2\",\"name\":\"St\u00e9phane Bourboulon\",\"image\":{\"@type\":\"ImageObject\",\"inLanguage\":\"en-US\",\"@id\":\"https:\\\/\\\/secure.gravatar.com\\\/avatar\\\/cd8f9a0c0b9bc539f40046d471caa518a55e72177c3eabc2bb94ca292ada580b?s=96&d=mm&r=g\",\"url\":\"https:\\\/\\\/secure.gravatar.com\\\/avatar\\\/cd8f9a0c0b9bc539f40046d471caa518a55e72177c3eabc2bb94ca292ada580b?s=96&d=mm&r=g\",\"contentUrl\":\"https:\\\/\\\/secure.gravatar.com\\\/avatar\\\/cd8f9a0c0b9bc539f40046d471caa518a55e72177c3eabc2bb94ca292ada580b?s=96&d=mm&r=g\",\"caption\":\"St\u00e9phane Bourboulon\"},\"logo\":{\"@id\":\"https:\\\/\\\/secure.gravatar.com\\\/avatar\\\/cd8f9a0c0b9bc539f40046d471caa518a55e72177c3eabc2bb94ca292ada580b?s=96&d=mm&r=g\"},\"description\":\"Apr\u00e8s avoir v\u00e9cu une profonde exp\u00e9rience spirituelle, St\u00e9phane Bourboulon s'est passionn\u00e9 pour les liens entre les EMI (exp\u00e9riences de mort imminente) et la spiritualit\u00e9. Il est remont\u00e9 pas \u00e0 pas le long de ces deux courants de Vie et montre qu\u2019ils proviennent de la m\u00eame Source : une \u00e9nergie d\u2019Amour absolu, infini et inconditionnel. Cette \u00e9nergie n\u2019attend que notre accord pour nous remplir de joie, d\u00e8s maintenant.\",\"sameAs\":[\"https:\\\/\\\/la-vie-et-apres.fr\\\/\",\"https:\\\/\\\/www.facebook.com\\\/profile.php?id=61556951952938\"]}]}<\/script>\n<!-- \/ Yoast SEO Premium plugin. -->","yoast_head_json":{"title":"When The Light Transforms Us - La Vie, et Apr\u00e8s","description":"A moving and luminous journey through near-death experiences, spiritual awakenings, and the healing power of unconditional love.","robots":{"index":"index","follow":"follow","max-snippet":"max-snippet:-1","max-image-preview":"max-image-preview:large","max-video-preview":"max-video-preview:-1"},"canonical":"https:\/\/la-vie-et-apres.fr\/en\/when-light-transforms-us\/","og_locale":"en_US","og_type":"article","og_title":"When The Light Transforms Us","og_description":"A moving and luminous journey through near-death experiences, spiritual awakenings, and the healing power of unconditional love.","og_url":"https:\/\/la-vie-et-apres.fr\/en\/when-light-transforms-us\/","og_site_name":"La Vie, et Apr\u00e8s","article_publisher":"https:\/\/www.facebook.com\/profile.php?id=61556951952938","article_modified_time":"2025-07-12T18:41:13+00:00","og_image":[{"width":664,"height":1024,"url":"https:\/\/la-vie-et-apres.fr\/wp-content\/uploads\/2025\/07\/Librinova_when-the-light-transforms-us-664x1024.jpg","type":"image\/jpeg"}],"twitter_card":"summary_large_image","twitter_misc":{"Est. reading time":"2 minutes"},"schema":{"@context":"https:\/\/schema.org","@graph":[{"@type":"WebPage","@id":"https:\/\/la-vie-et-apres.fr\/en\/when-light-transforms-us\/","url":"https:\/\/la-vie-et-apres.fr\/en\/when-light-transforms-us\/","name":"When The Light Transforms Us - La Vie, et Apr\u00e8s","isPartOf":{"@id":"https:\/\/la-vie-et-apres.fr\/en\/#website"},"primaryImageOfPage":{"@id":"https:\/\/la-vie-et-apres.fr\/en\/when-light-transforms-us\/#primaryimage"},"image":{"@id":"https:\/\/la-vie-et-apres.fr\/en\/when-light-transforms-us\/#primaryimage"},"thumbnailUrl":"https:\/\/la-vie-et-apres.fr\/wp-content\/uploads\/2025\/07\/Librinova_when-the-light-transforms-us.jpg","datePublished":"2025-07-07T12:10:19+00:00","dateModified":"2025-07-12T18:41:13+00:00","description":"A moving and luminous journey through near-death experiences, spiritual awakenings, and the healing power of unconditional love.","breadcrumb":{"@id":"https:\/\/la-vie-et-apres.fr\/en\/when-light-transforms-us\/#breadcrumb"},"inLanguage":"en-US","potentialAction":[{"@type":"ReadAction","target":["https:\/\/la-vie-et-apres.fr\/en\/when-light-transforms-us\/"]}]},{"@type":"ImageObject","inLanguage":"en-US","@id":"https:\/\/la-vie-et-apres.fr\/en\/when-light-transforms-us\/#primaryimage","url":"https:\/\/la-vie-et-apres.fr\/wp-content\/uploads\/2025\/07\/Librinova_when-the-light-transforms-us.jpg","contentUrl":"https:\/\/la-vie-et-apres.fr\/wp-content\/uploads\/2025\/07\/Librinova_when-the-light-transforms-us.jpg"},{"@type":"BreadcrumbList","@id":"https:\/\/la-vie-et-apres.fr\/en\/when-light-transforms-us\/#breadcrumb","itemListElement":[{"@type":"ListItem","position":1,"name":"Accueil","item":"https:\/\/la-vie-et-apres.fr\/en\/home\/"},{"@type":"ListItem","position":2,"name":"When The Light Transforms Us"}]},{"@type":"WebSite","@id":"https:\/\/la-vie-et-apres.fr\/en\/#website","url":"https:\/\/la-vie-et-apres.fr\/en\/","name":"La vie et apr\u00e8s...","description":"Exp\u00e9riences de mort imminente, vie apr\u00e8s la mort","publisher":{"@id":"https:\/\/la-vie-et-apres.fr\/en\/#\/schema\/person\/acdfe2f65c2b4303a640ec9e7e4965c2"},"potentialAction":[{"@type":"SearchAction","target":{"@type":"EntryPoint","urlTemplate":"https:\/\/la-vie-et-apres.fr\/en\/?s={search_term_string}"},"query-input":{"@type":"PropertyValueSpecification","valueRequired":true,"valueName":"search_term_string"}}],"inLanguage":"en-US"},{"@type":["Person","Organization"],"@id":"https:\/\/la-vie-et-apres.fr\/en\/#\/schema\/person\/acdfe2f65c2b4303a640ec9e7e4965c2","name":"St\u00e9phane Bourboulon","image":{"@type":"ImageObject","inLanguage":"en-US","@id":"https:\/\/secure.gravatar.com\/avatar\/cd8f9a0c0b9bc539f40046d471caa518a55e72177c3eabc2bb94ca292ada580b?s=96&d=mm&r=g","url":"https:\/\/secure.gravatar.com\/avatar\/cd8f9a0c0b9bc539f40046d471caa518a55e72177c3eabc2bb94ca292ada580b?s=96&d=mm&r=g","contentUrl":"https:\/\/secure.gravatar.com\/avatar\/cd8f9a0c0b9bc539f40046d471caa518a55e72177c3eabc2bb94ca292ada580b?s=96&d=mm&r=g","caption":"St\u00e9phane Bourboulon"},"logo":{"@id":"https:\/\/secure.gravatar.com\/avatar\/cd8f9a0c0b9bc539f40046d471caa518a55e72177c3eabc2bb94ca292ada580b?s=96&d=mm&r=g"},"description":"Apr\u00e8s avoir v\u00e9cu une profonde exp\u00e9rience spirituelle, St\u00e9phane Bourboulon s'est passionn\u00e9 pour les liens entre les EMI (exp\u00e9riences de mort imminente) et la spiritualit\u00e9. Il est remont\u00e9 pas \u00e0 pas le long de ces deux courants de Vie et montre qu\u2019ils proviennent de la m\u00eame Source : une \u00e9nergie d\u2019Amour absolu, infini et inconditionnel. Cette \u00e9nergie n\u2019attend que notre accord pour nous remplir de joie, d\u00e8s maintenant.","sameAs":["https:\/\/la-vie-et-apres.fr\/","https:\/\/www.facebook.com\/profile.php?id=61556951952938"]}]}},"uagb_featured_image_src":{"full":false,"thumbnail":false,"medium":false,"medium_large":false,"large":false,"1536x1536":false,"2048x2048":false},"uagb_author_info":{"display_name":"St\u00e9phane Bourboulon","author_link":"https:\/\/la-vie-et-apres.fr\/en\/author\/julienwegnergmail-com\/"},"uagb_comment_info":0,"uagb_excerpt":"What if Love is the Only Thing That Truly Matters? A journey through near-death experiences, spiritual awakenings, and the healing power of unconditional love. This moving and luminous book explores one of the most extraordinary spiritual revelations of our time: the powerful message carried by Near-Death Experiences (NDEs). Far from being mere accounts of the&hellip;","_links":{"self":[{"href":"https:\/\/la-vie-et-apres.fr\/en\/wp-json\/wp\/v2\/pages\/7090","targetHints":{"allow":["GET"]}}],"collection":[{"href":"https:\/\/la-vie-et-apres.fr\/en\/wp-json\/wp\/v2\/pages"}],"about":[{"href":"https:\/\/la-vie-et-apres.fr\/en\/wp-json\/wp\/v2\/types\/page"}],"author":[{"embeddable":true,"href":"https:\/\/la-vie-et-apres.fr\/en\/wp-json\/wp\/v2\/users\/3"}],"replies":[{"embeddable":true,"href":"https:\/\/la-vie-et-apres.fr\/en\/wp-json\/wp\/v2\/comments?post=7090"}],"version-history":[{"count":3,"href":"https:\/\/la-vie-et-apres.fr\/en\/wp-json\/wp\/v2\/pages\/7090\/revisions"}],"predecessor-version":[{"id":7141,"href":"https:\/\/la-vie-et-apres.fr\/en\/wp-json\/wp\/v2\/pages\/7090\/revisions\/7141"}],"wp:attachment":[{"href":"https:\/\/la-vie-et-apres.fr\/en\/wp-json\/wp\/v2\/media?parent=7090"}],"curies":[{"name":"wp","href":"https:\/\/api.w.org\/{rel}","templated":true}]}}