{"id":5674,"date":"2023-08-16T05:47:33","date_gmt":"2023-08-16T05:47:33","guid":{"rendered":"https:\/\/la-vie-et-apres.fr\/inicio\/"},"modified":"2024-06-21T05:57:27","modified_gmt":"2024-06-21T05:57:27","slug":"inicio","status":"publish","type":"page","link":"https:\/\/la-vie-et-apres.fr\/es\/","title":{"rendered":"Inicio"},"content":{"rendered":"\n<div class=\"wp-block-uagb-container uagb-block-fa303262 alignfull uagb-is-root-container\"><div class=\"uagb-container-inner-blocks-wrap\">\n<h1 class=\"wp-block-heading has-text-align-center has-large-font-size\" id=\"h-el-amor-es-lo-unico-que-cuenta-en-esta-vida-y-en-la-otra\"><strong>El Amor es lo \u00fanico que cuenta<\/strong>, en esta vida y en la otra.<\/h1>\n\n\n\n<div class=\"wp-block-uagb-info-box uagb-block-0bca2e31 uagb-infobox__content-wrap  uagb-infobox-icon-above-title uagb-infobox-image-valign-top\"><div class=\"uagb-ifb-content\"><div class=\"uagb-ifb-title-wrap\"><\/div><p class=\"uagb-ifb-desc\">  Personas que han tenido una experiencia cercana a la muerte<br>nos dicen que <strong>hay vida despu\u00e9s de la muerte<\/strong> <br>y que esta vida es feliz y alegre.  <br><br>Su mensaje, como el de las tradiciones espirituales,  <br>es muy simple: el Amor es esencial.  <br><br>De hecho, es lo \u00fanico que importa.<\/p><\/div><\/div>\n<\/div><\/div>\n\n\n\n<div class=\"wp-block-uagb-container uagb-block-a4795187 alignfull uagb-is-root-container\"><div class=\"uagb-container-inner-blocks-wrap\">\n<p><\/p>\n<\/div><\/div>\n\n\n\n<div class=\"wp-block-uagb-container uagb-block-619ad332 alignfull uagb-is-root-container\"><div class=\"uagb-container-inner-blocks-wrap\">\n<div class=\"wp-block-uagb-container uagb-block-60cffcb5\">\n<div class=\"wp-block-uagb-container uagb-block-fe02a0d1\">\n<div class=\"wp-block-uagb-advanced-heading uagb-block-198b6eee\" id=\"articles\"><h2 class=\"uagb-heading-text\">\u00daltimos art\u00edculos<\/h2><\/div>\n<\/div>\n\n\n\n<div class=\"wp-block-uagb-container uagb-block-505ea4fa\">\n<div class=\"wp-block-uagb-buttons uagb-buttons__outer-wrap uagb-btn__default-btn uagb-btn-tablet__default-btn uagb-btn-mobile__default-btn uagb-block-8a877432\"><div class=\"uagb-buttons__wrap uagb-buttons-layout-wrap \">\n<div class=\"wp-block-uagb-buttons-child uagb-buttons__outer-wrap uagb-block-c69aee6e wp-block-button\"><div class=\"uagb-button__wrapper\"><a class=\"uagb-buttons-repeater wp-block-button__link\" aria-label=\"\" href=\"\/articles\/\" rel=\"follow noopener\" target=\"_self\" role=\"button\"><div class=\"uagb-button__link\">Ver todos los articulos<\/div><\/a><\/div><\/div>\n<\/div><\/div>\n<\/div>\n<\/div>\n\n\n\n<div class=\"wp-block-uagb-container uagb-block-e76c2ac4\">\n<div class=\"wp-block-uagb-container uagb-block-8d2ac9d6\">\n<div class=\"wp-block-uagb-image aligncenter uagb-block-4d732e76 wp-block-uagb-image--layout-default wp-block-uagb-image--effect-static wp-block-uagb-image--align-center\"><figure class=\"wp-block-uagb-image__figure\"><img decoding=\"async\" srcset=\"https:\/\/la-vie-et-apres.fr\/wp-content\/uploads\/2024\/01\/LEVER-SOLEIL-2-1-1024x576.jpg ,https:\/\/la-vie-et-apres.fr\/wp-content\/uploads\/2024\/01\/LEVER-SOLEIL-2-1.jpg 780w, https:\/\/la-vie-et-apres.fr\/wp-content\/uploads\/2024\/01\/LEVER-SOLEIL-2-1.jpg 360w\" sizes=\"auto, (max-width: 480px) 150px\" src=\"https:\/\/la-vie-et-apres.fr\/wp-content\/uploads\/2024\/01\/LEVER-SOLEIL-2-1-1024x576.jpg\" alt=\"\" class=\"uag-image-4385\" width=\"353\" height=\"360\" title=\"\" loading=\"lazy\" role=\"img\"\/><\/figure><\/div>\n\n\n\n<div class=\"wp-block-uagb-info-box uagb-block-73ae9bd9 uagb-infobox__content-wrap  uagb-infobox-icon-above-title uagb-infobox-image-valign-top\"><div class=\"uagb-ifb-content\"><div class=\"uagb-ifb-title-wrap\"><h4 class=\"uagb-ifb-title\">\u00bfC\u00f3mo es la vida despu\u00e9s de una ECM?<\/h4><\/div><p class=\"uagb-ifb-desc\">Las ECM son transformaciones profundas y duraderas para quienes las experimentan. El encuentro con el Amor absoluto e incondicional les lleva, en particular, a una vida mucho m\u00e1s centrada en conectar y compartir, y a una gran apertura a la espiritualidad.<br><\/p><div class=\"uagb-ifb-button-wrapper wp-block-button\"><\/div><\/div><\/div>\n<\/div>\n\n\n\n<div class=\"wp-block-uagb-container uagb-block-be805083\">\n<div class=\"wp-block-uagb-image aligncenter uagb-block-1ae7d298 wp-block-uagb-image--layout-default wp-block-uagb-image--effect-static wp-block-uagb-image--align-center\"><figure class=\"wp-block-uagb-image__figure\"><img decoding=\"async\" srcset=\"https:\/\/la-vie-et-apres.fr\/wp-content\/uploads\/2024\/01\/MEDITER-PLAGE-1024x683.jpg ,https:\/\/la-vie-et-apres.fr\/wp-content\/uploads\/2024\/01\/MEDITER-PLAGE.jpg 780w, https:\/\/la-vie-et-apres.fr\/wp-content\/uploads\/2024\/01\/MEDITER-PLAGE.jpg 360w\" sizes=\"auto, (max-width: 480px) 150px\" src=\"https:\/\/la-vie-et-apres.fr\/wp-content\/uploads\/2024\/01\/MEDITER-PLAGE-1024x683.jpg\" alt=\"\" class=\"uag-image-4388\" width=\"352\" height=\"360\" title=\"\" loading=\"lazy\" role=\"img\"\/><\/figure><\/div>\n\n\n\n<div class=\"wp-block-uagb-info-box uagb-block-7e9b171c uagb-infobox__content-wrap  uagb-infobox-icon-above-title uagb-infobox-image-valign-top\"><div class=\"uagb-ifb-content\"><div class=\"uagb-ifb-title-wrap\"><h4 class=\"uagb-ifb-title\">S\u00ed, hay vida despu\u00e9s de la muerte<\/h4><\/div><p class=\"uagb-ifb-desc\">Y es una vida feliz. Incluso es incre\u00edblemente feliz, seg\u00fan nos cuentan las historias del ECM. Describen un universo infinito de amor, belleza, conocimiento, creaci\u00f3n y alegr\u00eda.  <br><br><br><br><\/p><div class=\"uagb-ifb-button-wrapper wp-block-button\"><\/div><\/div><\/div>\n<\/div>\n\n\n\n<div class=\"wp-block-uagb-container uagb-block-325ef570\">\n<div class=\"wp-block-uagb-image aligncenter uagb-block-199a156b wp-block-uagb-image--layout-default wp-block-uagb-image--effect-static wp-block-uagb-image--align-center\"><figure class=\"wp-block-uagb-image__figure\"><img decoding=\"async\" srcset=\"https:\/\/la-vie-et-apres.fr\/wp-content\/uploads\/2024\/01\/goutte-deau-sur-une-feuille-1024x768.jpg ,https:\/\/la-vie-et-apres.fr\/wp-content\/uploads\/2024\/01\/goutte-deau-sur-une-feuille.jpg 780w, https:\/\/la-vie-et-apres.fr\/wp-content\/uploads\/2024\/01\/goutte-deau-sur-une-feuille.jpg 360w\" sizes=\"auto, (max-width: 480px) 150px\" src=\"https:\/\/la-vie-et-apres.fr\/wp-content\/uploads\/2024\/01\/goutte-deau-sur-une-feuille-1024x768.jpg\" alt=\"\" class=\"uag-image-4384\" width=\"352\" height=\"360\" title=\"\" loading=\"lazy\" role=\"img\"\/><\/figure><\/div>\n\n\n\n<div class=\"wp-block-uagb-info-box uagb-block-fb17e3f8 uagb-infobox__content-wrap  uagb-infobox-icon-above-title uagb-infobox-image-valign-top\"><div class=\"uagb-ifb-content\"><div class=\"uagb-ifb-title-wrap\"><h4 class=\"uagb-ifb-title\">Comunicaci\u00f3n despu\u00e9s de la muerte: \u00bfpueden hablarnos nuestros seres queridos fallecidos?<\/h4><\/div><p class=\"uagb-ifb-desc\">Miles de historias atestiguan que nuestros seres queridos fallecidos pueden ponerse en contacto con nosotros.<br>Miles de historias atestiguan que nuestros seres queridos fallecidos pueden ponerse en contacto con nosotros.<\/p><div class=\"uagb-ifb-button-wrapper wp-block-button\"><\/div><\/div><\/div>\n<\/div>\n<\/div>\n<\/div><\/div>\n\n\n\n<div class=\"wp-block-uagb-container uagb-block-f0d8dae7 alignfull uagb-is-root-container\"><div class=\"uagb-container-inner-blocks-wrap\">\n<div class=\"wp-block-uagb-container uagb-block-39f2abd6\">\n<div class=\"wp-block-uagb-container uagb-block-48853b9d\">\n<div class=\"wp-block-uagb-image alignleft uagb-block-f03c0e0a wp-block-uagb-image--layout-default wp-block-uagb-image--effect-static wp-block-uagb-image--align-left\"><figure class=\"wp-block-uagb-image__figure\"><img decoding=\"async\" srcset=\"https:\/\/la-vie-et-apres.fr\/wp-content\/uploads\/2024\/01\/CHEMIN-VERS-LA-PLAGE-683x1024.jpg ,https:\/\/la-vie-et-apres.fr\/wp-content\/uploads\/2024\/01\/CHEMIN-VERS-LA-PLAGE.jpg 780w, https:\/\/la-vie-et-apres.fr\/wp-content\/uploads\/2024\/01\/CHEMIN-VERS-LA-PLAGE.jpg 360w\" sizes=\"auto, (max-width: 480px) 150px\" src=\"https:\/\/la-vie-et-apres.fr\/wp-content\/uploads\/2024\/01\/CHEMIN-VERS-LA-PLAGE-683x1024.jpg\" alt=\"\" class=\"uag-image-4381\" width=\"579\" height=\"480\" title=\"\" loading=\"lazy\" role=\"img\"\/><\/figure><\/div>\n<\/div>\n\n\n\n<div class=\"wp-block-uagb-container uagb-block-86be4c12\">\n<h2 class=\"wp-block-heading\" id=\"h-que-soy-yo\">\u00bfQu\u00e9 soy yo?<\/h2>\n\n\n\n<p>Hace m\u00e1s de 30 a\u00f1os, tuve varios encuentros interiores con un Ser de amor infinito e incondicional, y experiment\u00e9 la extraordinaria felicidad y alegr\u00eda que acompa\u00f1an a estos encuentros. Es lo que se denomina una ETE, una Experiencia de Transformaci\u00f3n Espiritual.<\/p>\n\n\n\n<p>El nombre no importa, lo principal es que desde entonces s\u00e9 con certeza que nuestro mundo es s\u00f3lo una parte de la realidad: hay <strong>vida despu\u00e9s de la muerte <\/strong>. <br><br>Abogado de profesi\u00f3n, luego me form\u00e9 en psicolog\u00eda y psicoterapia. Encuentro una gran alegr\u00eda en acompa\u00f1ar a las personas en su b\u00fasqueda de lo esencial, de lo que les impulsa en lo m\u00e1s profundo y, por tanto, a menudo, de su espiritualidad. <br><br>Me ha llevado y ha guiado mi vida hasta el d\u00eda de hoy. Cuando me di cuenta de que las experiencias descritas en las ECM eran a menudo muy similares a las m\u00edas, me vino la idea de crear este sitio web. Habla de ambas experiencias y de los v\u00ednculos entre ellas.<br><br>St\u00e9phane Bourboulon &#8211; stephane.bourboulon@outlook.fr<\/p>\n<\/div>\n<\/div>\n<\/div><\/div>\n\n\n\n<div class=\"wp-block-uagb-container uagb-block-71fea0c9 alignfull uagb-is-root-container\"><div class=\"uagb-container-inner-blocks-wrap\">\n<div class=\"wp-block-uagb-info-box uagb-block-844f8cf1 uagb-infobox__content-wrap  uagb-infobox-icon-above-title uagb-infobox-image-valign-top\"><div class=\"uagb-ifb-content\"><div class=\"uagb-ifb-title-wrap\"><h2 class=\"uagb-ifb-title\">Ponte en contacto conmigo en<\/h2><\/div><p class=\"uagb-ifb-desc\">\u00bfTienes alguna pregunta? \u00bfTe gustar\u00eda compartir conmigo tu propia historia, ECM o experiencia espiritual? \u00bfQuieres comentar alguno de nuestros art\u00edculos? No lo dudes, estar\u00e9 encantada de leerte y responder a tus preguntas.<br\/><\/p><div class=\"uagb-ifb-button-wrapper wp-block-button\"><a href=\"https:\/\/la-vie-et-apres.fr\/es\/pongase-en-contacto-con\/\" class=\"uagb-infobox-cta-link wp-block-button__link\" target=\"_self\" rel=\"noopener noreferrer\" onclick=\"return true;\"><svg xmlns=\"https:\/\/www.w3.org\/2000\/svg\" viewbox=\"0 0 512 512\"><path d=\"M504.3 273.6l-112.1 104c-6.992 6.484-17.18 8.218-25.94 4.406c-8.758-3.812-14.42-12.45-14.42-21.1L351.9 288H32C14.33 288 .0002 273.7 .0002 255.1S14.33 224 32 224h319.9l0-72c0-9.547 5.66-18.19 14.42-22c8.754-3.809 18.95-2.075 25.94 4.41l112.1 104C514.6 247.9 514.6 264.1 504.3 273.6z\"><\/path><\/svg><span class=\"uagb-inline-editing\">Ponte en contacto con<\/span><\/a><\/div><\/div><\/div>\n<\/div><\/div>\n","protected":false},"excerpt":{"rendered":"<p>El Amor es lo \u00fanico que cuenta, en esta vida y en la otra. \u00daltimos art\u00edculos \u00bfQu\u00e9 soy yo? Hace m\u00e1s de 30 a\u00f1os, tuve varios encuentros interiores con un Ser de amor infinito e incondicional, y experiment\u00e9 la extraordinaria felicidad y alegr\u00eda que acompa\u00f1an a estos encuentros. Es lo que se denomina una ETE, [&hellip;]<\/p>\n","protected":false},"author":3,"featured_media":0,"parent":0,"menu_order":0,"comment_status":"closed","ping_status":"closed","template":"","meta":{"_uag_custom_page_level_css":"","_monsterinsights_skip_tracking":false,"_monsterinsights_sitenote_active":false,"_monsterinsights_sitenote_note":"","_monsterinsights_sitenote_category":0,"_uf_show_specific_survey":0,"_uf_disable_surveys":false,"site-sidebar-layout":"no-sidebar","site-content-layout":"","ast-site-content-layout":"normal-width-container","site-content-style":"unboxed","site-sidebar-style":"default","ast-global-header-display":"","ast-banner-title-visibility":"disabled","ast-main-header-display":"","ast-hfb-above-header-display":"","ast-hfb-below-header-display":"","ast-hfb-mobile-header-display":"","site-post-title":"","ast-breadcrumbs-content":"","ast-featured-img":"","footer-sml-layout":"","theme-transparent-header-meta":"enabled","adv-header-id-meta":"","stick-header-meta":"","header-above-stick-meta":"","header-main-stick-meta":"","header-below-stick-meta":"","astra-migrate-meta-layouts":"default","ast-page-background-enabled":"default","ast-page-background-meta":{"desktop":{"background-color":"var(--ast-global-color-4)","background-image":"","background-repeat":"repeat","background-position":"center center","background-size":"auto","background-attachment":"scroll","background-type":"","background-media":"","overlay-type":"","overlay-color":"","overlay-opacity":"","overlay-gradient":""},"tablet":{"background-color":"","background-image":"","background-repeat":"repeat","background-position":"center center","background-size":"auto","background-attachment":"scroll","background-type":"","background-media":"","overlay-type":"","overlay-color":"","overlay-opacity":"","overlay-gradient":""},"mobile":{"background-color":"","background-image":"","background-repeat":"repeat","background-position":"center center","background-size":"auto","background-attachment":"scroll","background-type":"","background-media":"","overlay-type":"","overlay-color":"","overlay-opacity":"","overlay-gradient":""}},"ast-content-background-meta":{"desktop":{"background-color":"var(--ast-global-color-5)","background-image":"","background-repeat":"repeat","background-position":"center center","background-size":"auto","background-attachment":"scroll","background-type":"","background-media":"","overlay-type":"","overlay-color":"","overlay-opacity":"","overlay-gradient":""},"tablet":{"background-color":"var(--ast-global-color-5)","background-image":"","background-repeat":"repeat","background-position":"center center","background-size":"auto","background-attachment":"scroll","background-type":"","background-media":"","overlay-type":"","overlay-color":"","overlay-opacity":"","overlay-gradient":""},"mobile":{"background-color":"var(--ast-global-color-5)","background-image":"","background-repeat":"repeat","background-position":"center center","background-size":"auto","background-attachment":"scroll","background-type":"","background-media":"","overlay-type":"","overlay-color":"","overlay-opacity":"","overlay-gradient":""}},"footnotes":""},"class_list":["post-5674","page","type-page","status-publish","hentry"],"yoast_head":"<!-- This site is optimized with the Yoast SEO Premium plugin v24.9 (Yoast SEO v27.5) - https:\/\/yoast.com\/product\/yoast-seo-premium-wordpress\/ -->\n<title>Experiencias cercanas a la muerte: vida despu\u00e9s de la muerte<\/title>\n<meta name=\"description\" content=\"Descubra relatos inspiradores sobre experiencias cercanas a la muerte y la vida despu\u00e9s de la muerte. Estas fascinantes historias revelan un mundo lleno de amor, belleza y alegr\u00eda.\" \/>\n<meta name=\"robots\" content=\"index, follow, max-snippet:-1, max-image-preview:large, max-video-preview:-1\" \/>\n<link rel=\"canonical\" href=\"https:\/\/la-vie-et-apres.fr\/es\/\" \/>\n<meta property=\"og:locale\" content=\"es_ES\" \/>\n<meta property=\"og:type\" content=\"article\" \/>\n<meta property=\"og:title\" content=\"Inicio\" \/>\n<meta property=\"og:description\" content=\"Descubra relatos inspiradores sobre experiencias cercanas a la muerte y la vida despu\u00e9s de la muerte. Estas fascinantes historias revelan un mundo lleno de amor, belleza y alegr\u00eda.\" \/>\n<meta property=\"og:url\" content=\"https:\/\/la-vie-et-apres.fr\/es\/\" \/>\n<meta property=\"og:site_name\" content=\"La Vie, et Apr\u00e8s\" \/>\n<meta property=\"article:publisher\" content=\"https:\/\/www.facebook.com\/profile.php?id=61556951952938\" \/>\n<meta property=\"article:modified_time\" content=\"2024-06-21T05:57:27+00:00\" \/>\n<meta property=\"og:image\" content=\"https:\/\/la-vie-et-apres.fr\/wp-content\/uploads\/2024\/01\/LEVER-SOLEIL-2-1-1024x576.jpg\" \/>\n<meta name=\"twitter:card\" content=\"summary_large_image\" \/>\n<meta name=\"twitter:label1\" content=\"Tiempo de lectura\" \/>\n\t<meta name=\"twitter:data1\" content=\"3 minutos\" \/>\n<script type=\"application\/ld+json\" class=\"yoast-schema-graph\">{\"@context\":\"https:\\\/\\\/schema.org\",\"@graph\":[{\"@type\":\"WebPage\",\"@id\":\"https:\\\/\\\/la-vie-et-apres.fr\\\/es\\\/\",\"url\":\"https:\\\/\\\/la-vie-et-apres.fr\\\/es\\\/\",\"name\":\"Experiencias cercanas a la muerte: vida despu\u00e9s de la muerte\",\"isPartOf\":{\"@id\":\"https:\\\/\\\/la-vie-et-apres.fr\\\/es\\\/#website\"},\"primaryImageOfPage\":{\"@id\":\"https:\\\/\\\/la-vie-et-apres.fr\\\/es\\\/#primaryimage\"},\"image\":{\"@id\":\"https:\\\/\\\/la-vie-et-apres.fr\\\/es\\\/#primaryimage\"},\"thumbnailUrl\":\"https:\\\/\\\/la-vie-et-apres.fr\\\/wp-content\\\/uploads\\\/2024\\\/01\\\/LEVER-SOLEIL-2-1-1024x576.jpg\",\"datePublished\":\"2023-08-16T05:47:33+00:00\",\"dateModified\":\"2024-06-21T05:57:27+00:00\",\"description\":\"Descubra relatos inspiradores sobre experiencias cercanas a la muerte y la vida despu\u00e9s de la muerte. Estas fascinantes historias revelan un mundo lleno de amor, belleza y alegr\u00eda.\",\"breadcrumb\":{\"@id\":\"https:\\\/\\\/la-vie-et-apres.fr\\\/es\\\/#breadcrumb\"},\"inLanguage\":\"es\",\"potentialAction\":[{\"@type\":\"ReadAction\",\"target\":[\"https:\\\/\\\/la-vie-et-apres.fr\\\/es\\\/\"]}]},{\"@type\":\"ImageObject\",\"inLanguage\":\"es\",\"@id\":\"https:\\\/\\\/la-vie-et-apres.fr\\\/es\\\/#primaryimage\",\"url\":\"https:\\\/\\\/la-vie-et-apres.fr\\\/wp-content\\\/uploads\\\/2024\\\/01\\\/LEVER-SOLEIL-2-1-1024x576.jpg\",\"contentUrl\":\"https:\\\/\\\/la-vie-et-apres.fr\\\/wp-content\\\/uploads\\\/2024\\\/01\\\/LEVER-SOLEIL-2-1-1024x576.jpg\"},{\"@type\":\"BreadcrumbList\",\"@id\":\"https:\\\/\\\/la-vie-et-apres.fr\\\/es\\\/#breadcrumb\",\"itemListElement\":[{\"@type\":\"ListItem\",\"position\":1,\"name\":\"Accueil\",\"item\":\"https:\\\/\\\/la-vie-et-apres.fr\\\/es\\\/\"},{\"@type\":\"ListItem\",\"position\":2,\"name\":\"Inicio\"}]},{\"@type\":\"WebSite\",\"@id\":\"https:\\\/\\\/la-vie-et-apres.fr\\\/es\\\/#website\",\"url\":\"https:\\\/\\\/la-vie-et-apres.fr\\\/es\\\/\",\"name\":\"La vie et apr\u00e8s...\",\"description\":\"Exp\u00e9riences de mort imminente, vie apr\u00e8s la mort\",\"publisher\":{\"@id\":\"https:\\\/\\\/la-vie-et-apres.fr\\\/es\\\/#\\\/schema\\\/person\\\/acdfe2f65c2b4303a640ec9e7e4965c2\"},\"potentialAction\":[{\"@type\":\"SearchAction\",\"target\":{\"@type\":\"EntryPoint\",\"urlTemplate\":\"https:\\\/\\\/la-vie-et-apres.fr\\\/es\\\/?s={search_term_string}\"},\"query-input\":{\"@type\":\"PropertyValueSpecification\",\"valueRequired\":true,\"valueName\":\"search_term_string\"}}],\"inLanguage\":\"es\"},{\"@type\":[\"Person\",\"Organization\"],\"@id\":\"https:\\\/\\\/la-vie-et-apres.fr\\\/es\\\/#\\\/schema\\\/person\\\/acdfe2f65c2b4303a640ec9e7e4965c2\",\"name\":\"St\u00e9phane Bourboulon\",\"image\":{\"@type\":\"ImageObject\",\"inLanguage\":\"es\",\"@id\":\"https:\\\/\\\/secure.gravatar.com\\\/avatar\\\/cd8f9a0c0b9bc539f40046d471caa518a55e72177c3eabc2bb94ca292ada580b?s=96&d=mm&r=g\",\"url\":\"https:\\\/\\\/secure.gravatar.com\\\/avatar\\\/cd8f9a0c0b9bc539f40046d471caa518a55e72177c3eabc2bb94ca292ada580b?s=96&d=mm&r=g\",\"contentUrl\":\"https:\\\/\\\/secure.gravatar.com\\\/avatar\\\/cd8f9a0c0b9bc539f40046d471caa518a55e72177c3eabc2bb94ca292ada580b?s=96&d=mm&r=g\",\"caption\":\"St\u00e9phane Bourboulon\"},\"logo\":{\"@id\":\"https:\\\/\\\/secure.gravatar.com\\\/avatar\\\/cd8f9a0c0b9bc539f40046d471caa518a55e72177c3eabc2bb94ca292ada580b?s=96&d=mm&r=g\"},\"description\":\"Apr\u00e8s avoir v\u00e9cu une profonde exp\u00e9rience spirituelle, St\u00e9phane Bourboulon s'est passionn\u00e9 pour les liens entre les EMI (exp\u00e9riences de mort imminente) et la spiritualit\u00e9. Il est remont\u00e9 pas \u00e0 pas le long de ces deux courants de Vie et montre qu\u2019ils proviennent de la m\u00eame Source : une \u00e9nergie d\u2019Amour absolu, infini et inconditionnel. Cette \u00e9nergie n\u2019attend que notre accord pour nous remplir de joie, d\u00e8s maintenant.\",\"sameAs\":[\"https:\\\/\\\/la-vie-et-apres.fr\\\/\",\"https:\\\/\\\/www.facebook.com\\\/profile.php?id=61556951952938\"]}]}<\/script>\n<!-- \/ Yoast SEO Premium plugin. -->","yoast_head_json":{"title":"Experiencias cercanas a la muerte: vida despu\u00e9s de la muerte","description":"Descubra relatos inspiradores sobre experiencias cercanas a la muerte y la vida despu\u00e9s de la muerte. Estas fascinantes historias revelan un mundo lleno de amor, belleza y alegr\u00eda.","robots":{"index":"index","follow":"follow","max-snippet":"max-snippet:-1","max-image-preview":"max-image-preview:large","max-video-preview":"max-video-preview:-1"},"canonical":"https:\/\/la-vie-et-apres.fr\/es\/","og_locale":"es_ES","og_type":"article","og_title":"Inicio","og_description":"Descubra relatos inspiradores sobre experiencias cercanas a la muerte y la vida despu\u00e9s de la muerte. Estas fascinantes historias revelan un mundo lleno de amor, belleza y alegr\u00eda.","og_url":"https:\/\/la-vie-et-apres.fr\/es\/","og_site_name":"La Vie, et Apr\u00e8s","article_publisher":"https:\/\/www.facebook.com\/profile.php?id=61556951952938","article_modified_time":"2024-06-21T05:57:27+00:00","og_image":[{"url":"https:\/\/la-vie-et-apres.fr\/wp-content\/uploads\/2024\/01\/LEVER-SOLEIL-2-1-1024x576.jpg","type":"","width":"","height":""}],"twitter_card":"summary_large_image","twitter_misc":{"Tiempo de lectura":"3 minutos"},"schema":{"@context":"https:\/\/schema.org","@graph":[{"@type":"WebPage","@id":"https:\/\/la-vie-et-apres.fr\/es\/","url":"https:\/\/la-vie-et-apres.fr\/es\/","name":"Experiencias cercanas a la muerte: vida despu\u00e9s de la muerte","isPartOf":{"@id":"https:\/\/la-vie-et-apres.fr\/es\/#website"},"primaryImageOfPage":{"@id":"https:\/\/la-vie-et-apres.fr\/es\/#primaryimage"},"image":{"@id":"https:\/\/la-vie-et-apres.fr\/es\/#primaryimage"},"thumbnailUrl":"https:\/\/la-vie-et-apres.fr\/wp-content\/uploads\/2024\/01\/LEVER-SOLEIL-2-1-1024x576.jpg","datePublished":"2023-08-16T05:47:33+00:00","dateModified":"2024-06-21T05:57:27+00:00","description":"Descubra relatos inspiradores sobre experiencias cercanas a la muerte y la vida despu\u00e9s de la muerte. Estas fascinantes historias revelan un mundo lleno de amor, belleza y alegr\u00eda.","breadcrumb":{"@id":"https:\/\/la-vie-et-apres.fr\/es\/#breadcrumb"},"inLanguage":"es","potentialAction":[{"@type":"ReadAction","target":["https:\/\/la-vie-et-apres.fr\/es\/"]}]},{"@type":"ImageObject","inLanguage":"es","@id":"https:\/\/la-vie-et-apres.fr\/es\/#primaryimage","url":"https:\/\/la-vie-et-apres.fr\/wp-content\/uploads\/2024\/01\/LEVER-SOLEIL-2-1-1024x576.jpg","contentUrl":"https:\/\/la-vie-et-apres.fr\/wp-content\/uploads\/2024\/01\/LEVER-SOLEIL-2-1-1024x576.jpg"},{"@type":"BreadcrumbList","@id":"https:\/\/la-vie-et-apres.fr\/es\/#breadcrumb","itemListElement":[{"@type":"ListItem","position":1,"name":"Accueil","item":"https:\/\/la-vie-et-apres.fr\/es\/"},{"@type":"ListItem","position":2,"name":"Inicio"}]},{"@type":"WebSite","@id":"https:\/\/la-vie-et-apres.fr\/es\/#website","url":"https:\/\/la-vie-et-apres.fr\/es\/","name":"La vie et apr\u00e8s...","description":"Exp\u00e9riences de mort imminente, vie apr\u00e8s la mort","publisher":{"@id":"https:\/\/la-vie-et-apres.fr\/es\/#\/schema\/person\/acdfe2f65c2b4303a640ec9e7e4965c2"},"potentialAction":[{"@type":"SearchAction","target":{"@type":"EntryPoint","urlTemplate":"https:\/\/la-vie-et-apres.fr\/es\/?s={search_term_string}"},"query-input":{"@type":"PropertyValueSpecification","valueRequired":true,"valueName":"search_term_string"}}],"inLanguage":"es"},{"@type":["Person","Organization"],"@id":"https:\/\/la-vie-et-apres.fr\/es\/#\/schema\/person\/acdfe2f65c2b4303a640ec9e7e4965c2","name":"St\u00e9phane Bourboulon","image":{"@type":"ImageObject","inLanguage":"es","@id":"https:\/\/secure.gravatar.com\/avatar\/cd8f9a0c0b9bc539f40046d471caa518a55e72177c3eabc2bb94ca292ada580b?s=96&d=mm&r=g","url":"https:\/\/secure.gravatar.com\/avatar\/cd8f9a0c0b9bc539f40046d471caa518a55e72177c3eabc2bb94ca292ada580b?s=96&d=mm&r=g","contentUrl":"https:\/\/secure.gravatar.com\/avatar\/cd8f9a0c0b9bc539f40046d471caa518a55e72177c3eabc2bb94ca292ada580b?s=96&d=mm&r=g","caption":"St\u00e9phane Bourboulon"},"logo":{"@id":"https:\/\/secure.gravatar.com\/avatar\/cd8f9a0c0b9bc539f40046d471caa518a55e72177c3eabc2bb94ca292ada580b?s=96&d=mm&r=g"},"description":"Apr\u00e8s avoir v\u00e9cu une profonde exp\u00e9rience spirituelle, St\u00e9phane Bourboulon s'est passionn\u00e9 pour les liens entre les EMI (exp\u00e9riences de mort imminente) et la spiritualit\u00e9. Il est remont\u00e9 pas \u00e0 pas le long de ces deux courants de Vie et montre qu\u2019ils proviennent de la m\u00eame Source : une \u00e9nergie d\u2019Amour absolu, infini et inconditionnel. Cette \u00e9nergie n\u2019attend que notre accord pour nous remplir de joie, d\u00e8s maintenant.","sameAs":["https:\/\/la-vie-et-apres.fr\/","https:\/\/www.facebook.com\/profile.php?id=61556951952938"]}]}},"uagb_featured_image_src":{"full":false,"thumbnail":false,"medium":false,"medium_large":false,"large":false,"1536x1536":false,"2048x2048":false},"uagb_author_info":{"display_name":"St\u00e9phane Bourboulon","author_link":"https:\/\/la-vie-et-apres.fr\/es\/author\/julienwegnergmail-com\/"},"uagb_comment_info":0,"uagb_excerpt":"El Amor es lo \u00fanico que cuenta, en esta vida y en la otra. \u00daltimos art\u00edculos \u00bfQu\u00e9 soy yo? Hace m\u00e1s de 30 a\u00f1os, tuve varios encuentros interiores con un Ser de amor infinito e incondicional, y experiment\u00e9 la extraordinaria felicidad y alegr\u00eda que acompa\u00f1an a estos encuentros. Es lo que se denomina una ETE,&hellip;","_links":{"self":[{"href":"https:\/\/la-vie-et-apres.fr\/es\/wp-json\/wp\/v2\/pages\/5674","targetHints":{"allow":["GET"]}}],"collection":[{"href":"https:\/\/la-vie-et-apres.fr\/es\/wp-json\/wp\/v2\/pages"}],"about":[{"href":"https:\/\/la-vie-et-apres.fr\/es\/wp-json\/wp\/v2\/types\/page"}],"author":[{"embeddable":true,"href":"https:\/\/la-vie-et-apres.fr\/es\/wp-json\/wp\/v2\/users\/3"}],"replies":[{"embeddable":true,"href":"https:\/\/la-vie-et-apres.fr\/es\/wp-json\/wp\/v2\/comments?post=5674"}],"version-history":[{"count":6,"href":"https:\/\/la-vie-et-apres.fr\/es\/wp-json\/wp\/v2\/pages\/5674\/revisions"}],"predecessor-version":[{"id":6267,"href":"https:\/\/la-vie-et-apres.fr\/es\/wp-json\/wp\/v2\/pages\/5674\/revisions\/6267"}],"wp:attachment":[{"href":"https:\/\/la-vie-et-apres.fr\/es\/wp-json\/wp\/v2\/media?parent=5674"}],"curies":[{"name":"wp","href":"https:\/\/api.w.org\/{rel}","templated":true}]}}