{"id":5679,"date":"2023-08-16T05:47:34","date_gmt":"2023-08-16T05:47:34","guid":{"rendered":"https:\/\/la-vie-et-apres.fr\/pongase-en-contacto-con\/"},"modified":"2024-03-21T10:29:13","modified_gmt":"2024-03-21T10:29:13","slug":"pongase-en-contacto-con","status":"publish","type":"page","link":"https:\/\/la-vie-et-apres.fr\/es\/pongase-en-contacto-con\/","title":{"rendered":"P\u00f3ngase en contacto con"},"content":{"rendered":"\n<div style=\"height:100px\" aria-hidden=\"true\" class=\"wp-block-spacer\"><\/div>\n\n<div class=\"wp-block-uagb-container uagb-block-61fa746a alignfull uagb-is-root-container\"><div class=\"uagb-container-inner-blocks-wrap\">\n<div class=\"wp-block-uagb-container uagb-block-40a39761\">\n<div class=\"wp-block-uagb-container uagb-block-d194f379\">\n<h1 class=\"wp-block-heading has-text-align-left has-x-large-font-size\">Comparta su historia y reciba notificaciones de nuevos art\u00edculos<\/h1>\n<\/div>\n\n\n\n<div class=\"wp-block-uagb-container uagb-block-52a3dcb0\">\n<div class=\"wp-block-uagb-advanced-heading uagb-block-d247ad31\"><p class=\"uagb-desc-text\">Si quieres contarme tu propia historia, EMI o EST, estar\u00e9 encantado de escucharte. Si me permite publicarlo -de forma an\u00f3nima, por supuesto- seguro que ser\u00e1 de inter\u00e9s y ayuda para otros.<\/p><\/div>\n\n\n\n<p><\/p>\n\n\n\n<p>Si desea recibir una notificaci\u00f3n cuando se publique un nuevo art\u00edculo, s\u00f3lo tiene que enviarme un mensaje con las palabras \u00abnuevos art\u00edculos\u00bb.<\/p>\n<\/div>\n<\/div>\n\n\n\n<div class=\"wp-block-uagb-container uagb-block-781fe2e8 default uagb-is-root-container\">\n<div class=\"wp-block-uagb-container uagb-block-a395e547\">\n<figure class=\"wp-block-image size-large is-resized\"><img loading=\"lazy\" decoding=\"async\" width=\"1024\" height=\"681\" src=\"https:\/\/la-vie-et-apres.fr\/wp-content\/uploads\/2024\/01\/pexels-photo-1234035-scaled-1-1024x681.jpeg\" alt=\"Mujer sentada en piedra marr&#xF3;n cerca de &#xE1;rboles de hojas verdes durante el d&#xED;a\" class=\"wp-image-387\" style=\"width:675px;height:auto\" srcset=\"https:\/\/la-vie-et-apres.fr\/wp-content\/uploads\/2024\/01\/pexels-photo-1234035-scaled-1-1024x681.jpeg 1024w, https:\/\/la-vie-et-apres.fr\/wp-content\/uploads\/2024\/01\/pexels-photo-1234035-scaled-1-300x200.jpeg 300w, https:\/\/la-vie-et-apres.fr\/wp-content\/uploads\/2024\/01\/pexels-photo-1234035-scaled-1-768x511.jpeg 768w, https:\/\/la-vie-et-apres.fr\/wp-content\/uploads\/2024\/01\/pexels-photo-1234035-scaled-1-1536x1022.jpeg 1536w, https:\/\/la-vie-et-apres.fr\/wp-content\/uploads\/2024\/01\/pexels-photo-1234035-scaled-1-2048x1362.jpeg 2048w\" sizes=\"auto, (max-width: 1024px) 100vw, 1024px\" \/><\/figure>\n<\/div>\n\n\n\n<div class=\"wp-block-uagb-container uagb-block-cb7e8162\">\n<div class=\"wp-block-uagb-forms uagb-forms__outer-wrap uagb-block-bf7045eb uagb-forms__default-btn uag-blocks-common-selector uag-blocks-common-selector\" style=\"--z-index-desktop:1;;--z-index-tablet:undefined;;--z-index-mobile:undefined;\"><form class=\"uagb-forms-main-form\" method=\"post\" autocomplete=\"on\" name=\"uagb-form-bf7045eb\">\n<div class=\"wp-block-uagb-forms-name uagb-forms-name-wrap uagb-forms-field-set uagb-block-cc860a00\"><div class=\"uagb-forms-name-label required uagb-forms-input-label\" id=\"cc860a00\">Su nombre<\/div><input type=\"text\" placeholder=\"\" required=\"\" class=\"uagb-forms-name-input uagb-forms-input\" name=\"cc860a00\" autocomplete=\"given-name\"><\/div>\n\n\n\n<div class=\"wp-block-uagb-forms-email uagb-forms-email-wrap uagb-forms-field-set uagb-block-3e3be7c7\"><div class=\"uagb-forms-email-label required uagb-forms-input-label\" id=\"3e3be7c7\">Correo electr\u00f3nico<\/div><input type=\"email\" class=\"uagb-forms-email-input uagb-forms-input\" placeholder=\"\" required=\"\" name=\"3e3be7c7\" autocomplete=\"email\"><\/div>\n\n\n\n<div class=\"wp-block-uagb-forms-textarea uagb-forms-textarea-wrap uagb-forms-field-set uagb-block-58ae0142\"><div class=\"uagb-forms-textarea-label required uagb-forms-input-label\" id=\"58ae0142\">Mensaje<\/div><textarea required=\"\" class=\"uagb-forms-textarea-input uagb-forms-input\" rows=\"5\" placeholder=\"\" name=\"58ae0142\" autocomplete=\"off\"><\/textarea><\/div>\n<div class=\"uagb-forms-form-hidden-data\"><input type=\"hidden\" class=\"uagb_forms_form_label\" value=\"\"\/><input type=\"hidden\" class=\"uagb_forms_form_id\" value=\"uagb-form-bf7045eb\"\/><\/div><div class=\"uagb-form-reacaptcha-error-bf7045eb\"><\/div><div class=\"uagb-forms-main-submit-button-wrap wp-block-button\"><button class=\"uagb-forms-main-submit-button wp-block-button__link\"><div class=\"uagb-forms-main-submit-button-text\">Envoyer message<\/div><\/button><\/div><\/form><div class=\"uagb-forms-success-message-bf7045eb uagb-forms-submit-message-hide\"><span>Le formulaire a bien \u00e9t\u00e9 envoy\u00e9\u00a0!<\/span><\/div><div class=\"uagb-forms-failed-message-bf7045eb uagb-forms-submit-message-hide\"><span>Une erreur s\u2019est produite lors de l\u2019envoi du formulaire. Veuillez v\u00e9rifier \u00e0 nouveau tous les champs du formulaire.<\/span><\/div><\/div>\n<\/div>\n<\/div>\n<\/div><\/div>\n","protected":false},"excerpt":{"rendered":"<p>Comparta su historia y reciba notificaciones de nuevos art\u00edculos Si quieres contarme tu propia historia, EMI o EST, estar\u00e9 encantado de escucharte. Si me permite publicarlo -de forma an\u00f3nima, por supuesto- seguro que ser\u00e1 de inter\u00e9s y ayuda para otros. Si desea recibir una notificaci\u00f3n cuando se publique un nuevo art\u00edculo, s\u00f3lo tiene que enviarme [&hellip;]<\/p>\n","protected":false},"author":3,"featured_media":0,"parent":0,"menu_order":0,"comment_status":"closed","ping_status":"closed","template":"","meta":{"_uag_custom_page_level_css":"","_monsterinsights_skip_tracking":false,"_monsterinsights_sitenote_active":false,"_monsterinsights_sitenote_note":"","_monsterinsights_sitenote_category":0,"_uf_show_specific_survey":0,"_uf_disable_surveys":false,"site-sidebar-layout":"no-sidebar","site-content-layout":"","ast-site-content-layout":"normal-width-container","site-content-style":"default","site-sidebar-style":"default","ast-global-header-display":"","ast-banner-title-visibility":"disabled","ast-main-header-display":"","ast-hfb-above-header-display":"","ast-hfb-below-header-display":"","ast-hfb-mobile-header-display":"","site-post-title":"","ast-breadcrumbs-content":"","ast-featured-img":"","footer-sml-layout":"","theme-transparent-header-meta":"enabled","adv-header-id-meta":"","stick-header-meta":"","header-above-stick-meta":"","header-main-stick-meta":"","header-below-stick-meta":"","astra-migrate-meta-layouts":"default","ast-page-background-enabled":"default","ast-page-background-meta":{"desktop":{"background-color":"var(--ast-global-color-4)","background-image":"","background-repeat":"repeat","background-position":"center center","background-size":"auto","background-attachment":"scroll","background-type":"","background-media":"","overlay-type":"","overlay-color":"","overlay-opacity":"","overlay-gradient":""},"tablet":{"background-color":"","background-image":"","background-repeat":"repeat","background-position":"center center","background-size":"auto","background-attachment":"scroll","background-type":"","background-media":"","overlay-type":"","overlay-color":"","overlay-opacity":"","overlay-gradient":""},"mobile":{"background-color":"","background-image":"","background-repeat":"repeat","background-position":"center center","background-size":"auto","background-attachment":"scroll","background-type":"","background-media":"","overlay-type":"","overlay-color":"","overlay-opacity":"","overlay-gradient":""}},"ast-content-background-meta":{"desktop":{"background-color":"var(--ast-global-color-5)","background-image":"","background-repeat":"repeat","background-position":"center center","background-size":"auto","background-attachment":"scroll","background-type":"","background-media":"","overlay-type":"","overlay-color":"","overlay-opacity":"","overlay-gradient":""},"tablet":{"background-color":"var(--ast-global-color-5)","background-image":"","background-repeat":"repeat","background-position":"center center","background-size":"auto","background-attachment":"scroll","background-type":"","background-media":"","overlay-type":"","overlay-color":"","overlay-opacity":"","overlay-gradient":""},"mobile":{"background-color":"var(--ast-global-color-5)","background-image":"","background-repeat":"repeat","background-position":"center center","background-size":"auto","background-attachment":"scroll","background-type":"","background-media":"","overlay-type":"","overlay-color":"","overlay-opacity":"","overlay-gradient":""}},"footnotes":""},"class_list":["post-5679","page","type-page","status-publish","hentry"],"yoast_head":"<!-- This site is optimized with the Yoast SEO Premium plugin v24.9 (Yoast SEO v27.5) - https:\/\/yoast.com\/product\/yoast-seo-premium-wordpress\/ -->\n<title>P\u00f3ngase en contacto con - La Vie, et Apr\u00e8s<\/title>\n<meta name=\"robots\" content=\"index, follow, max-snippet:-1, max-image-preview:large, max-video-preview:-1\" \/>\n<link rel=\"canonical\" href=\"https:\/\/la-vie-et-apres.fr\/es\/pongase-en-contacto-con\/\" \/>\n<meta property=\"og:locale\" content=\"es_ES\" \/>\n<meta property=\"og:type\" content=\"article\" \/>\n<meta property=\"og:title\" content=\"P\u00f3ngase en contacto con\" \/>\n<meta property=\"og:description\" content=\"Comparta su historia y reciba notificaciones de nuevos art\u00edculos Si quieres contarme tu propia historia, EMI o EST, estar\u00e9 encantado de escucharte. Si me permite publicarlo -de forma an\u00f3nima, por supuesto- seguro que ser\u00e1 de inter\u00e9s y ayuda para otros. Si desea recibir una notificaci\u00f3n cuando se publique un nuevo art\u00edculo, s\u00f3lo tiene que enviarme [&hellip;]\" \/>\n<meta property=\"og:url\" content=\"https:\/\/la-vie-et-apres.fr\/es\/pongase-en-contacto-con\/\" \/>\n<meta property=\"og:site_name\" content=\"La Vie, et Apr\u00e8s\" \/>\n<meta property=\"article:publisher\" content=\"https:\/\/www.facebook.com\/profile.php?id=61556951952938\" \/>\n<meta property=\"article:modified_time\" content=\"2024-03-21T10:29:13+00:00\" \/>\n<meta property=\"og:image\" content=\"https:\/\/la-vie-et-apres.fr\/wp-content\/uploads\/2024\/01\/pexels-photo-1234035-scaled-1-1024x681.jpeg\" \/>\n<meta name=\"twitter:card\" content=\"summary_large_image\" \/>\n<meta name=\"twitter:label1\" content=\"Tiempo de lectura\" \/>\n\t<meta name=\"twitter:data1\" content=\"1 minuto\" \/>\n<script type=\"application\/ld+json\" class=\"yoast-schema-graph\">{\"@context\":\"https:\\\/\\\/schema.org\",\"@graph\":[{\"@type\":\"WebPage\",\"@id\":\"https:\\\/\\\/la-vie-et-apres.fr\\\/es\\\/pongase-en-contacto-con\\\/\",\"url\":\"https:\\\/\\\/la-vie-et-apres.fr\\\/es\\\/pongase-en-contacto-con\\\/\",\"name\":\"P\u00f3ngase en contacto con - La Vie, et Apr\u00e8s\",\"isPartOf\":{\"@id\":\"https:\\\/\\\/la-vie-et-apres.fr\\\/es\\\/#website\"},\"primaryImageOfPage\":{\"@id\":\"https:\\\/\\\/la-vie-et-apres.fr\\\/es\\\/pongase-en-contacto-con\\\/#primaryimage\"},\"image\":{\"@id\":\"https:\\\/\\\/la-vie-et-apres.fr\\\/es\\\/pongase-en-contacto-con\\\/#primaryimage\"},\"thumbnailUrl\":\"https:\\\/\\\/la-vie-et-apres.fr\\\/wp-content\\\/uploads\\\/2024\\\/01\\\/pexels-photo-1234035-scaled-1-1024x681.jpeg\",\"datePublished\":\"2023-08-16T05:47:34+00:00\",\"dateModified\":\"2024-03-21T10:29:13+00:00\",\"breadcrumb\":{\"@id\":\"https:\\\/\\\/la-vie-et-apres.fr\\\/es\\\/pongase-en-contacto-con\\\/#breadcrumb\"},\"inLanguage\":\"es\",\"potentialAction\":[{\"@type\":\"ReadAction\",\"target\":[\"https:\\\/\\\/la-vie-et-apres.fr\\\/es\\\/pongase-en-contacto-con\\\/\"]}]},{\"@type\":\"ImageObject\",\"inLanguage\":\"es\",\"@id\":\"https:\\\/\\\/la-vie-et-apres.fr\\\/es\\\/pongase-en-contacto-con\\\/#primaryimage\",\"url\":\"https:\\\/\\\/la-vie-et-apres.fr\\\/wp-content\\\/uploads\\\/2024\\\/01\\\/pexels-photo-1234035-scaled-1-1024x681.jpeg\",\"contentUrl\":\"https:\\\/\\\/la-vie-et-apres.fr\\\/wp-content\\\/uploads\\\/2024\\\/01\\\/pexels-photo-1234035-scaled-1-1024x681.jpeg\"},{\"@type\":\"BreadcrumbList\",\"@id\":\"https:\\\/\\\/la-vie-et-apres.fr\\\/es\\\/pongase-en-contacto-con\\\/#breadcrumb\",\"itemListElement\":[{\"@type\":\"ListItem\",\"position\":1,\"name\":\"Accueil\",\"item\":\"https:\\\/\\\/la-vie-et-apres.fr\\\/es\\\/\"},{\"@type\":\"ListItem\",\"position\":2,\"name\":\"P\u00f3ngase en contacto con\"}]},{\"@type\":\"WebSite\",\"@id\":\"https:\\\/\\\/la-vie-et-apres.fr\\\/es\\\/#website\",\"url\":\"https:\\\/\\\/la-vie-et-apres.fr\\\/es\\\/\",\"name\":\"La vie et apr\u00e8s...\",\"description\":\"Exp\u00e9riences de mort imminente, vie apr\u00e8s la mort\",\"publisher\":{\"@id\":\"https:\\\/\\\/la-vie-et-apres.fr\\\/es\\\/#\\\/schema\\\/person\\\/acdfe2f65c2b4303a640ec9e7e4965c2\"},\"potentialAction\":[{\"@type\":\"SearchAction\",\"target\":{\"@type\":\"EntryPoint\",\"urlTemplate\":\"https:\\\/\\\/la-vie-et-apres.fr\\\/es\\\/?s={search_term_string}\"},\"query-input\":{\"@type\":\"PropertyValueSpecification\",\"valueRequired\":true,\"valueName\":\"search_term_string\"}}],\"inLanguage\":\"es\"},{\"@type\":[\"Person\",\"Organization\"],\"@id\":\"https:\\\/\\\/la-vie-et-apres.fr\\\/es\\\/#\\\/schema\\\/person\\\/acdfe2f65c2b4303a640ec9e7e4965c2\",\"name\":\"St\u00e9phane Bourboulon\",\"image\":{\"@type\":\"ImageObject\",\"inLanguage\":\"es\",\"@id\":\"https:\\\/\\\/secure.gravatar.com\\\/avatar\\\/cd8f9a0c0b9bc539f40046d471caa518a55e72177c3eabc2bb94ca292ada580b?s=96&d=mm&r=g\",\"url\":\"https:\\\/\\\/secure.gravatar.com\\\/avatar\\\/cd8f9a0c0b9bc539f40046d471caa518a55e72177c3eabc2bb94ca292ada580b?s=96&d=mm&r=g\",\"contentUrl\":\"https:\\\/\\\/secure.gravatar.com\\\/avatar\\\/cd8f9a0c0b9bc539f40046d471caa518a55e72177c3eabc2bb94ca292ada580b?s=96&d=mm&r=g\",\"caption\":\"St\u00e9phane Bourboulon\"},\"logo\":{\"@id\":\"https:\\\/\\\/secure.gravatar.com\\\/avatar\\\/cd8f9a0c0b9bc539f40046d471caa518a55e72177c3eabc2bb94ca292ada580b?s=96&d=mm&r=g\"},\"description\":\"Apr\u00e8s avoir v\u00e9cu une profonde exp\u00e9rience spirituelle, St\u00e9phane Bourboulon s'est passionn\u00e9 pour les liens entre les EMI (exp\u00e9riences de mort imminente) et la spiritualit\u00e9. Il est remont\u00e9 pas \u00e0 pas le long de ces deux courants de Vie et montre qu\u2019ils proviennent de la m\u00eame Source : une \u00e9nergie d\u2019Amour absolu, infini et inconditionnel. Cette \u00e9nergie n\u2019attend que notre accord pour nous remplir de joie, d\u00e8s maintenant.\",\"sameAs\":[\"https:\\\/\\\/la-vie-et-apres.fr\\\/\",\"https:\\\/\\\/www.facebook.com\\\/profile.php?id=61556951952938\"]}]}<\/script>\n<!-- \/ Yoast SEO Premium plugin. -->","yoast_head_json":{"title":"P\u00f3ngase en contacto con - La Vie, et Apr\u00e8s","robots":{"index":"index","follow":"follow","max-snippet":"max-snippet:-1","max-image-preview":"max-image-preview:large","max-video-preview":"max-video-preview:-1"},"canonical":"https:\/\/la-vie-et-apres.fr\/es\/pongase-en-contacto-con\/","og_locale":"es_ES","og_type":"article","og_title":"P\u00f3ngase en contacto con","og_description":"Comparta su historia y reciba notificaciones de nuevos art\u00edculos Si quieres contarme tu propia historia, EMI o EST, estar\u00e9 encantado de escucharte. Si me permite publicarlo -de forma an\u00f3nima, por supuesto- seguro que ser\u00e1 de inter\u00e9s y ayuda para otros. Si desea recibir una notificaci\u00f3n cuando se publique un nuevo art\u00edculo, s\u00f3lo tiene que enviarme [&hellip;]","og_url":"https:\/\/la-vie-et-apres.fr\/es\/pongase-en-contacto-con\/","og_site_name":"La Vie, et Apr\u00e8s","article_publisher":"https:\/\/www.facebook.com\/profile.php?id=61556951952938","article_modified_time":"2024-03-21T10:29:13+00:00","og_image":[{"url":"https:\/\/la-vie-et-apres.fr\/wp-content\/uploads\/2024\/01\/pexels-photo-1234035-scaled-1-1024x681.jpeg","type":"","width":"","height":""}],"twitter_card":"summary_large_image","twitter_misc":{"Tiempo de lectura":"1 minuto"},"schema":{"@context":"https:\/\/schema.org","@graph":[{"@type":"WebPage","@id":"https:\/\/la-vie-et-apres.fr\/es\/pongase-en-contacto-con\/","url":"https:\/\/la-vie-et-apres.fr\/es\/pongase-en-contacto-con\/","name":"P\u00f3ngase en contacto con - La Vie, et Apr\u00e8s","isPartOf":{"@id":"https:\/\/la-vie-et-apres.fr\/es\/#website"},"primaryImageOfPage":{"@id":"https:\/\/la-vie-et-apres.fr\/es\/pongase-en-contacto-con\/#primaryimage"},"image":{"@id":"https:\/\/la-vie-et-apres.fr\/es\/pongase-en-contacto-con\/#primaryimage"},"thumbnailUrl":"https:\/\/la-vie-et-apres.fr\/wp-content\/uploads\/2024\/01\/pexels-photo-1234035-scaled-1-1024x681.jpeg","datePublished":"2023-08-16T05:47:34+00:00","dateModified":"2024-03-21T10:29:13+00:00","breadcrumb":{"@id":"https:\/\/la-vie-et-apres.fr\/es\/pongase-en-contacto-con\/#breadcrumb"},"inLanguage":"es","potentialAction":[{"@type":"ReadAction","target":["https:\/\/la-vie-et-apres.fr\/es\/pongase-en-contacto-con\/"]}]},{"@type":"ImageObject","inLanguage":"es","@id":"https:\/\/la-vie-et-apres.fr\/es\/pongase-en-contacto-con\/#primaryimage","url":"https:\/\/la-vie-et-apres.fr\/wp-content\/uploads\/2024\/01\/pexels-photo-1234035-scaled-1-1024x681.jpeg","contentUrl":"https:\/\/la-vie-et-apres.fr\/wp-content\/uploads\/2024\/01\/pexels-photo-1234035-scaled-1-1024x681.jpeg"},{"@type":"BreadcrumbList","@id":"https:\/\/la-vie-et-apres.fr\/es\/pongase-en-contacto-con\/#breadcrumb","itemListElement":[{"@type":"ListItem","position":1,"name":"Accueil","item":"https:\/\/la-vie-et-apres.fr\/es\/"},{"@type":"ListItem","position":2,"name":"P\u00f3ngase en contacto con"}]},{"@type":"WebSite","@id":"https:\/\/la-vie-et-apres.fr\/es\/#website","url":"https:\/\/la-vie-et-apres.fr\/es\/","name":"La vie et apr\u00e8s...","description":"Exp\u00e9riences de mort imminente, vie apr\u00e8s la mort","publisher":{"@id":"https:\/\/la-vie-et-apres.fr\/es\/#\/schema\/person\/acdfe2f65c2b4303a640ec9e7e4965c2"},"potentialAction":[{"@type":"SearchAction","target":{"@type":"EntryPoint","urlTemplate":"https:\/\/la-vie-et-apres.fr\/es\/?s={search_term_string}"},"query-input":{"@type":"PropertyValueSpecification","valueRequired":true,"valueName":"search_term_string"}}],"inLanguage":"es"},{"@type":["Person","Organization"],"@id":"https:\/\/la-vie-et-apres.fr\/es\/#\/schema\/person\/acdfe2f65c2b4303a640ec9e7e4965c2","name":"St\u00e9phane Bourboulon","image":{"@type":"ImageObject","inLanguage":"es","@id":"https:\/\/secure.gravatar.com\/avatar\/cd8f9a0c0b9bc539f40046d471caa518a55e72177c3eabc2bb94ca292ada580b?s=96&d=mm&r=g","url":"https:\/\/secure.gravatar.com\/avatar\/cd8f9a0c0b9bc539f40046d471caa518a55e72177c3eabc2bb94ca292ada580b?s=96&d=mm&r=g","contentUrl":"https:\/\/secure.gravatar.com\/avatar\/cd8f9a0c0b9bc539f40046d471caa518a55e72177c3eabc2bb94ca292ada580b?s=96&d=mm&r=g","caption":"St\u00e9phane Bourboulon"},"logo":{"@id":"https:\/\/secure.gravatar.com\/avatar\/cd8f9a0c0b9bc539f40046d471caa518a55e72177c3eabc2bb94ca292ada580b?s=96&d=mm&r=g"},"description":"Apr\u00e8s avoir v\u00e9cu une profonde exp\u00e9rience spirituelle, St\u00e9phane Bourboulon s'est passionn\u00e9 pour les liens entre les EMI (exp\u00e9riences de mort imminente) et la spiritualit\u00e9. Il est remont\u00e9 pas \u00e0 pas le long de ces deux courants de Vie et montre qu\u2019ils proviennent de la m\u00eame Source : une \u00e9nergie d\u2019Amour absolu, infini et inconditionnel. Cette \u00e9nergie n\u2019attend que notre accord pour nous remplir de joie, d\u00e8s maintenant.","sameAs":["https:\/\/la-vie-et-apres.fr\/","https:\/\/www.facebook.com\/profile.php?id=61556951952938"]}]}},"uagb_featured_image_src":{"full":false,"thumbnail":false,"medium":false,"medium_large":false,"large":false,"1536x1536":false,"2048x2048":false},"uagb_author_info":{"display_name":"St\u00e9phane Bourboulon","author_link":"https:\/\/la-vie-et-apres.fr\/es\/author\/julienwegnergmail-com\/"},"uagb_comment_info":0,"uagb_excerpt":"Comparta su historia y reciba notificaciones de nuevos art\u00edculos Si quieres contarme tu propia historia, EMI o EST, estar\u00e9 encantado de escucharte. Si me permite publicarlo -de forma an\u00f3nima, por supuesto- seguro que ser\u00e1 de inter\u00e9s y ayuda para otros. Si desea recibir una notificaci\u00f3n cuando se publique un nuevo art\u00edculo, s\u00f3lo tiene que enviarme&hellip;","_links":{"self":[{"href":"https:\/\/la-vie-et-apres.fr\/es\/wp-json\/wp\/v2\/pages\/5679","targetHints":{"allow":["GET"]}}],"collection":[{"href":"https:\/\/la-vie-et-apres.fr\/es\/wp-json\/wp\/v2\/pages"}],"about":[{"href":"https:\/\/la-vie-et-apres.fr\/es\/wp-json\/wp\/v2\/types\/page"}],"author":[{"embeddable":true,"href":"https:\/\/la-vie-et-apres.fr\/es\/wp-json\/wp\/v2\/users\/3"}],"replies":[{"embeddable":true,"href":"https:\/\/la-vie-et-apres.fr\/es\/wp-json\/wp\/v2\/comments?post=5679"}],"version-history":[{"count":1,"href":"https:\/\/la-vie-et-apres.fr\/es\/wp-json\/wp\/v2\/pages\/5679\/revisions"}],"predecessor-version":[{"id":5681,"href":"https:\/\/la-vie-et-apres.fr\/es\/wp-json\/wp\/v2\/pages\/5679\/revisions\/5681"}],"wp:attachment":[{"href":"https:\/\/la-vie-et-apres.fr\/es\/wp-json\/wp\/v2\/media?parent=5679"}],"curies":[{"name":"wp","href":"https:\/\/api.w.org\/{rel}","templated":true}]}}