{"id":5723,"date":"2024-03-20T14:05:57","date_gmt":"2024-03-20T14:05:57","guid":{"rendered":"https:\/\/la-vie-et-apres.fr\/reserve\/"},"modified":"2025-09-12T05:35:07","modified_gmt":"2025-09-12T05:35:07","slug":"reserve","status":"publish","type":"page","link":"https:\/\/la-vie-et-apres.fr\/es\/reserve\/","title":{"rendered":"EL AMOR ES LO \u00daNICO QUE CUENTA"},"content":{"rendered":"\n<figure class=\"wp-block-image size-full is-resized is-style-default\"><img loading=\"lazy\" decoding=\"async\" width=\"848\" height=\"1200\" src=\"https:\/\/la-vie-et-apres.fr\/wp-content\/uploads\/2024\/03\/Flyer-livre-Stephane-Bourboulon-1.jpg\" alt=\"\" class=\"wp-image-5003\" style=\"width:461px;height:auto\" srcset=\"https:\/\/la-vie-et-apres.fr\/wp-content\/uploads\/2024\/03\/Flyer-livre-Stephane-Bourboulon-1.jpg 848w, https:\/\/la-vie-et-apres.fr\/wp-content\/uploads\/2024\/03\/Flyer-livre-Stephane-Bourboulon-1-212x300.jpg 212w, https:\/\/la-vie-et-apres.fr\/wp-content\/uploads\/2024\/03\/Flyer-livre-Stephane-Bourboulon-1-724x1024.jpg 724w, https:\/\/la-vie-et-apres.fr\/wp-content\/uploads\/2024\/03\/Flyer-livre-Stephane-Bourboulon-1-768x1087.jpg 768w\" sizes=\"auto, (max-width: 848px) 100vw, 848px\" \/><\/figure>\n\n<p><strong>\u00bfTienes curiosidad por saber qu\u00e9 ocurre<\/strong> <strong>despu\u00e9s de la muerte?<\/strong><\/p>\n\n<p><strong>\u00bfSab\u00edas que esto arroja luz sobre el sentido<\/strong> <strong>de nuestra vida actual?<\/strong><\/p>\n\n<p class=\"has-text-align-left\">Los relatos de Experiencias Cercanas a la Muerte (ECM) revelan que el amor es lo \u00fanico que importa en nuestras vidas. Confirman as\u00ed el mensaje central de todas las tradiciones espirituales.<\/p>\n\n<p class=\"has-text-align-left\">Descubre testimonios cautivadores unidos a un profundo mensaje de alegr\u00eda, esperanza y amor. Para esta vida y para la otra.<\/p>\n\n<p class=\"has-text-align-left\">St\u00e9phane Bourboulon, magistrado, ha tenido varias Experiencias de Transformaci\u00f3n Espiritual (ETE) desde su infancia. Te adentra en las profundidades de ECM y sus conexiones con la espiritualidad. Dos corrientes de luz, procedentes de la misma fuente de amor y de vida.<\/p>\n\n<p class=\"has-text-align-left\">Explora el inolvidable mundo de \u00abEl amor es lo \u00fanico que cuenta\u00bb y \u00a1d\u00e9jate transportar por historias inspiradoras y estimulantes!<\/p>\n\n<p class=\"has-text-align-left\">Haz tu pedido ahora en tu librer\u00eda o en l\u00ednea y aprovecha el precio de lanzamiento: 3,49 euros para la versi\u00f3n digital y 14,90 euros para la versi\u00f3n en papel.<\/p>\n\n<div class=\"wp-block-buttons is-layout-flex wp-block-buttons-is-layout-flex\">\n<div class=\"wp-block-button\"><a class=\"wp-block-button__link wp-element-button\" href=\"https:\/\/www.fnac.com\/livre-numerique\/a20103622\/Stephane-Bourboulon-L-Amour-est-la-seule-chose-qui-compte\" target=\"_blank\" rel=\"noreferrer noopener\">Comprar la versi\u00f3n francesa en Fnac.com<\/a><\/div>\n\n\n\n<div class=\"wp-block-button\"><a class=\"wp-block-button__link wp-element-button\" href=\"https:\/\/www.amazon.fr\/LAmour-est-seule-chose-compte-ebook\/dp\/B0CW1JSZK3\/\" target=\"_blank\" rel=\"noreferrer noopener\">O en Amazon.es<\/a><\/div>\n\n\n\n<div class=\"wp-block-button\"><a class=\"wp-block-button__link wp-element-button\" href=\"https:\/\/www.amazon.com\/LOVE-ONLY-THING-THAT-MATTERS-ebook\/dp\/B0D46P2LNR\/ref=sr_1_1?crid=1A6ND71PQUCT4&amp;dib=eyJ2IjoiMSJ9.MHIXgxunTNyNO464yb_01A.nRVs4CWMME9T7Urcj7PWuWShUUDH6WQWAprYSfTZ4R4&amp;dib_tag=se&amp;keywords=love+is+the+only+thing+that+matters+stephane+bourboulon&amp;qid=1722607360&amp;sprefix=stephane+bourboul%2Caps%2C197&amp;sr=8-1\">Compra la versi\u00f3n en ingl\u00e9s en Amazon.com<\/a><\/div>\n\n\n\n<div class=\"wp-block-button\"><a class=\"wp-block-button__link wp-element-button\" href=\"https:\/\/www.amazon.es\/amor-%C3%BAnico-que-cuenta-Experiencias-ebook\/dp\/B0D97XH7JM\/ref=sr_1_2?__mk_es_ES=%C3%85M%C3%85%C5%BD%C3%95%C3%91&amp;crid=2DA8TERWGWJQD&amp;dib=eyJ2IjoiMSJ9.swt5PhGmMeqdRr7My8VVk35uhvwJwGxggmZgKy95p5g.vWOYYTKr8Ght7bYBeCR5GrVfvP95259UIY4_uhsWWFU&amp;dib_tag=se&amp;keywords=stephane+bourboulon&amp;qid=1722607452&amp;sprefix=stephane+bourboul%2Caps%2C768&amp;sr=8-2\">Comprar la versi\u00f3n espa\u00f1ola en Amazon.es<\/a><\/div>\n<\/div>\n\n<p><\/p>\n\n<h2 class=\"wp-block-heading has-medium-font-size\" id=\"h-elles-et-ils-en-parlent\">Hablan de ello:<\/h2>\n\n<blockquote class=\"wp-block-quote is-layout-flow wp-block-quote-is-layout-flow\">\n<p>\u00abEn \u00abEl amor es lo \u00fanico que importa\u00bb, St\u00e9phane Bourboulon nos invita a explorar el fascinante fen\u00f3meno de las Experiencias Cercanas a la Muerte (ECM) a trav\u00e9s de un prisma impregnado de amor y espiritualidad. Trabajando bajo seud\u00f3nimo, el autor ofrece un relato profundamente humano, en el que cada uno de los testimonios deECM revela un mensaje universal: el amor como esencia \u00faltima de nuestra existencia, m\u00e1s all\u00e1 incluso de la vida terrenal. <\/p>\n\n\n\n<p>El libro destaca por su capacidad de trascender los relatos individuales para ofrecer una reflexi\u00f3n colectiva sobre el sentido de la vida y la muerte. Bourboulon compara los hallazgos de las Experiencias Espirituales Transformativas (EET) con los de ECM, destacando sorprendentes similitudes que refuerzan la idea de una realidad espiritual com\u00fan. Este enfoque meticuloso y comparativo enriquece el texto, ofreciendo una perspectiva esclarecedora sobre estos fen\u00f3menos, que a menudo se perciben como misteriosos o inexplicables.  <\/p>\n\n\n\n<p>El autor no se limita a relatar experiencias, sino que nos invita a reflexionar sobre nuestra propia existencia, destacando dos mensajes fundamentales: el amor incondicional y el no juicio. Estos temas se desarrollan con una sensibilidad que conmueve al lector, anim\u00e1ndole a ver m\u00e1s all\u00e1 de las apariencias y a abrazar una visi\u00f3n m\u00e1s hol\u00edstica de la vida\u00bb. <\/p>\n\n\n\n<p><a href=\"https:\/\/www.netgalley.fr\/book\/428730\/review\/587557\">https:\/\/www.netgalley.fr\/book\/428730\/review\/587557<\/a><\/p>\n<\/blockquote>\n\n<p>\u00abCuando le\u00ed este libro, sent\u00ed todo el amor del que habla el autor. Este enfoque innovador de ECM incluye una serie de testimonios inspiradores, al tiempo que est\u00e1 respaldado por referencias espirituales que dan al tema una dimensi\u00f3n totalmente nueva. \u00a1No puedo recomendarlo lo suficiente!<\/p>\n\n<p>\u00abAbordar ECM a veces puede parecer un cat\u00e1logo de experiencias, que te deja con m\u00e1s preguntas que respuestas. Aqu\u00ed, St\u00e9phane Bourboulon combina rigor y gran sensibilidad para crear un ensayo en el que los hechos se interpretan a la luz de las experiencias de un hombre que, a primera vista, no estaba predispuesto a entrar en este campo. El amor que nos espera al otro lado. Para quienes, como yo, necesitan esta mezcla de racionalidad y apertura a algo m\u00e1s grande que uno mismo, \u00e9ste es el libro adecuado sobre el tema.\u00bb<\/p>\n\n<p>\u00abEste libro es muy agradable de leer y est\u00e1 muy bien documentado. Para los interesados en los temas de laECM (experiencia cercana a la muerte) y la EET (experiencia espiritual transformadora), hay varias referencias para seguir leyendo. La relaci\u00f3n entreECM, la depresi\u00f3n y el suicidio me pareci\u00f3 muy \u00fatil y esclarecedora. Algunos de los relatos son especialmente conmovedores. Para m\u00ed, el mensaje principal del libro es que estas experiencias ocurren para mostrarnos la importancia de amarnos y perdonarnos a nosotros mismos y a los dem\u00e1s. Y no, \u00a1no queremos esperar a morir para que esto nos ocurra!\u00bb<\/p>\n\n<p>Extractos de la rese\u00f1a de Alth\u00e9a en su blog <em>Une fois le livre ferm\u00e9<\/em>: \u00abS\u00f3lo puedo dar las gracias a St\u00e9phane Bourboulon que, a trav\u00e9s de su relato, me ha permitido poner nombre a una experiencia que he tenido pero de la que rara vez se habla. Es el segundo libro que habla de EST en dos meses, cuando yo llevaba tiempo buscando una \u00abexplicaci\u00f3n\u00bb. A lo largo de este ensayo se ofrecen numerosos testimonios de Experiencias Cercanas a la Muerte.  <\/p>\n\n<p>Las Experiencias de Transformaci\u00f3n Espiritual son menos conocidas. Sin embargo, existen y tambi\u00e9n pueden cambiarte la vida. Ambas tienen una cosa en com\u00fan, y es el amor incondicional y la dulzura de la que sales arrepentido, pero tambi\u00e9n un encuentro muy especial en el caso de la segunda.  <\/p>\n\n<p>Para quienes nunca hayan o\u00eddo hablar de ella, este breve relato est\u00e1 muy bien documentado y proporciona muchas ideas para seguir leyendo. Un libro para quienes deseen saber m\u00e1s\u00bb. Para leer la rese\u00f1a completa, <a href=\"https:\/\/mcdlivres.over.blog\/2024\/08\/l-amour-est-la-seule-chose-qui-compte.html\">haz clic aqu\u00ed<\/a>  <\/p>\n","protected":false},"excerpt":{"rendered":"<p>\u00bfTienes curiosidad por saber qu\u00e9 ocurre despu\u00e9s de la muerte? \u00bfSab\u00edas que esto arroja luz sobre el sentido de nuestra vida actual? Los relatos de Experiencias Cercanas a la Muerte (ECM) revelan que el amor es lo \u00fanico que importa en nuestras vidas. Confirman as\u00ed el mensaje central de todas las tradiciones espirituales. Descubre testimonios [&hellip;]<\/p>\n","protected":false},"author":3,"featured_media":0,"parent":0,"menu_order":0,"comment_status":"closed","ping_status":"closed","template":"","meta":{"_uag_custom_page_level_css":"","_monsterinsights_skip_tracking":false,"_monsterinsights_sitenote_active":false,"_monsterinsights_sitenote_note":"","_monsterinsights_sitenote_category":0,"_uf_show_specific_survey":0,"_uf_disable_surveys":false,"site-sidebar-layout":"default","site-content-layout":"","ast-site-content-layout":"","site-content-style":"default","site-sidebar-style":"default","ast-global-header-display":"","ast-banner-title-visibility":"","ast-main-header-display":"","ast-hfb-above-header-display":"","ast-hfb-below-header-display":"","ast-hfb-mobile-header-display":"","site-post-title":"","ast-breadcrumbs-content":"","ast-featured-img":"","footer-sml-layout":"","theme-transparent-header-meta":"","adv-header-id-meta":"","stick-header-meta":"","header-above-stick-meta":"","header-main-stick-meta":"","header-below-stick-meta":"","astra-migrate-meta-layouts":"default","ast-page-background-enabled":"default","ast-page-background-meta":{"desktop":{"background-color":"var(--ast-global-color-4)","background-image":"","background-repeat":"repeat","background-position":"center center","background-size":"auto","background-attachment":"scroll","background-type":"","background-media":"","overlay-type":"","overlay-color":"","overlay-opacity":"","overlay-gradient":""},"tablet":{"background-color":"","background-image":"","background-repeat":"repeat","background-position":"center center","background-size":"auto","background-attachment":"scroll","background-type":"","background-media":"","overlay-type":"","overlay-color":"","overlay-opacity":"","overlay-gradient":""},"mobile":{"background-color":"","background-image":"","background-repeat":"repeat","background-position":"center center","background-size":"auto","background-attachment":"scroll","background-type":"","background-media":"","overlay-type":"","overlay-color":"","overlay-opacity":"","overlay-gradient":""}},"ast-content-background-meta":{"desktop":{"background-color":"var(--ast-global-color-5)","background-image":"","background-repeat":"repeat","background-position":"center center","background-size":"auto","background-attachment":"scroll","background-type":"","background-media":"","overlay-type":"","overlay-color":"","overlay-opacity":"","overlay-gradient":""},"tablet":{"background-color":"var(--ast-global-color-5)","background-image":"","background-repeat":"repeat","background-position":"center center","background-size":"auto","background-attachment":"scroll","background-type":"","background-media":"","overlay-type":"","overlay-color":"","overlay-opacity":"","overlay-gradient":""},"mobile":{"background-color":"var(--ast-global-color-5)","background-image":"","background-repeat":"repeat","background-position":"center center","background-size":"auto","background-attachment":"scroll","background-type":"","background-media":"","overlay-type":"","overlay-color":"","overlay-opacity":"","overlay-gradient":""}},"footnotes":""},"class_list":["post-5723","page","type-page","status-publish","hentry"],"yoast_head":"<!-- This site is optimized with the Yoast SEO Premium plugin v24.9 (Yoast SEO v27.5) - https:\/\/yoast.com\/product\/yoast-seo-premium-wordpress\/ -->\n<title>EL AMOR ES LO \u00daNICO QUE CUENTA - La Vie, et Apr\u00e8s<\/title>\n<meta name=\"description\" content=\"Descubre el magn\u00edfico mensaje de las Experiencias Cercanas a la Muerte: El amor es lo \u00fanico que cuenta. En esta vida y en la otra.\" \/>\n<meta name=\"robots\" content=\"index, follow, max-snippet:-1, max-image-preview:large, max-video-preview:-1\" \/>\n<link rel=\"canonical\" href=\"https:\/\/la-vie-et-apres.fr\/es\/reserve\/\" \/>\n<meta property=\"og:locale\" content=\"es_ES\" \/>\n<meta property=\"og:type\" content=\"article\" \/>\n<meta property=\"og:title\" content=\"EL AMOR ES LO \u00daNICO QUE CUENTA\" \/>\n<meta property=\"og:description\" content=\"Descubre el magn\u00edfico mensaje de las Experiencias Cercanas a la Muerte: El amor es lo \u00fanico que cuenta. En esta vida y en la otra.\" \/>\n<meta property=\"og:url\" content=\"https:\/\/la-vie-et-apres.fr\/es\/reserve\/\" \/>\n<meta property=\"og:site_name\" content=\"La Vie, et Apr\u00e8s\" \/>\n<meta property=\"article:publisher\" content=\"https:\/\/www.facebook.com\/profile.php?id=61556951952938\" \/>\n<meta property=\"article:modified_time\" content=\"2025-09-12T05:35:07+00:00\" \/>\n<meta property=\"og:image\" content=\"https:\/\/la-vie-et-apres.fr\/wp-content\/uploads\/2024\/03\/Flyer-livre-Stephane-Bourboulon-1.jpg\" \/>\n\t<meta property=\"og:image:width\" content=\"848\" \/>\n\t<meta property=\"og:image:height\" content=\"1200\" \/>\n\t<meta property=\"og:image:type\" content=\"image\/jpeg\" \/>\n<meta name=\"twitter:card\" content=\"summary_large_image\" \/>\n<meta name=\"twitter:label1\" content=\"Tiempo de lectura\" \/>\n\t<meta name=\"twitter:data1\" content=\"4 minutos\" \/>\n<script type=\"application\/ld+json\" class=\"yoast-schema-graph\">{\"@context\":\"https:\\\/\\\/schema.org\",\"@graph\":[{\"@type\":\"WebPage\",\"@id\":\"https:\\\/\\\/la-vie-et-apres.fr\\\/es\\\/reserve\\\/\",\"url\":\"https:\\\/\\\/la-vie-et-apres.fr\\\/es\\\/reserve\\\/\",\"name\":\"EL AMOR ES LO \u00daNICO QUE CUENTA - La Vie, et Apr\u00e8s\",\"isPartOf\":{\"@id\":\"https:\\\/\\\/la-vie-et-apres.fr\\\/es\\\/#website\"},\"primaryImageOfPage\":{\"@id\":\"https:\\\/\\\/la-vie-et-apres.fr\\\/es\\\/reserve\\\/#primaryimage\"},\"image\":{\"@id\":\"https:\\\/\\\/la-vie-et-apres.fr\\\/es\\\/reserve\\\/#primaryimage\"},\"thumbnailUrl\":\"https:\\\/\\\/la-vie-et-apres.fr\\\/wp-content\\\/uploads\\\/2024\\\/03\\\/Flyer-livre-Stephane-Bourboulon-1.jpg\",\"datePublished\":\"2024-03-20T14:05:57+00:00\",\"dateModified\":\"2025-09-12T05:35:07+00:00\",\"description\":\"Descubre el magn\u00edfico mensaje de las Experiencias Cercanas a la Muerte: El amor es lo \u00fanico que cuenta. En esta vida y en la otra.\",\"breadcrumb\":{\"@id\":\"https:\\\/\\\/la-vie-et-apres.fr\\\/es\\\/reserve\\\/#breadcrumb\"},\"inLanguage\":\"es\",\"potentialAction\":[{\"@type\":\"ReadAction\",\"target\":[\"https:\\\/\\\/la-vie-et-apres.fr\\\/es\\\/reserve\\\/\"]}]},{\"@type\":\"ImageObject\",\"inLanguage\":\"es\",\"@id\":\"https:\\\/\\\/la-vie-et-apres.fr\\\/es\\\/reserve\\\/#primaryimage\",\"url\":\"https:\\\/\\\/la-vie-et-apres.fr\\\/wp-content\\\/uploads\\\/2024\\\/03\\\/Flyer-livre-Stephane-Bourboulon-1.jpg\",\"contentUrl\":\"https:\\\/\\\/la-vie-et-apres.fr\\\/wp-content\\\/uploads\\\/2024\\\/03\\\/Flyer-livre-Stephane-Bourboulon-1.jpg\"},{\"@type\":\"BreadcrumbList\",\"@id\":\"https:\\\/\\\/la-vie-et-apres.fr\\\/es\\\/reserve\\\/#breadcrumb\",\"itemListElement\":[{\"@type\":\"ListItem\",\"position\":1,\"name\":\"Accueil\",\"item\":\"https:\\\/\\\/la-vie-et-apres.fr\\\/es\\\/\"},{\"@type\":\"ListItem\",\"position\":2,\"name\":\"EL AMOR ES LO \u00daNICO QUE CUENTA\"}]},{\"@type\":\"WebSite\",\"@id\":\"https:\\\/\\\/la-vie-et-apres.fr\\\/es\\\/#website\",\"url\":\"https:\\\/\\\/la-vie-et-apres.fr\\\/es\\\/\",\"name\":\"La vie et apr\u00e8s...\",\"description\":\"Exp\u00e9riences de mort imminente, vie apr\u00e8s la mort\",\"publisher\":{\"@id\":\"https:\\\/\\\/la-vie-et-apres.fr\\\/es\\\/#\\\/schema\\\/person\\\/acdfe2f65c2b4303a640ec9e7e4965c2\"},\"potentialAction\":[{\"@type\":\"SearchAction\",\"target\":{\"@type\":\"EntryPoint\",\"urlTemplate\":\"https:\\\/\\\/la-vie-et-apres.fr\\\/es\\\/?s={search_term_string}\"},\"query-input\":{\"@type\":\"PropertyValueSpecification\",\"valueRequired\":true,\"valueName\":\"search_term_string\"}}],\"inLanguage\":\"es\"},{\"@type\":[\"Person\",\"Organization\"],\"@id\":\"https:\\\/\\\/la-vie-et-apres.fr\\\/es\\\/#\\\/schema\\\/person\\\/acdfe2f65c2b4303a640ec9e7e4965c2\",\"name\":\"St\u00e9phane Bourboulon\",\"image\":{\"@type\":\"ImageObject\",\"inLanguage\":\"es\",\"@id\":\"https:\\\/\\\/secure.gravatar.com\\\/avatar\\\/cd8f9a0c0b9bc539f40046d471caa518a55e72177c3eabc2bb94ca292ada580b?s=96&d=mm&r=g\",\"url\":\"https:\\\/\\\/secure.gravatar.com\\\/avatar\\\/cd8f9a0c0b9bc539f40046d471caa518a55e72177c3eabc2bb94ca292ada580b?s=96&d=mm&r=g\",\"contentUrl\":\"https:\\\/\\\/secure.gravatar.com\\\/avatar\\\/cd8f9a0c0b9bc539f40046d471caa518a55e72177c3eabc2bb94ca292ada580b?s=96&d=mm&r=g\",\"caption\":\"St\u00e9phane Bourboulon\"},\"logo\":{\"@id\":\"https:\\\/\\\/secure.gravatar.com\\\/avatar\\\/cd8f9a0c0b9bc539f40046d471caa518a55e72177c3eabc2bb94ca292ada580b?s=96&d=mm&r=g\"},\"description\":\"Apr\u00e8s avoir v\u00e9cu une profonde exp\u00e9rience spirituelle, St\u00e9phane Bourboulon s'est passionn\u00e9 pour les liens entre les EMI (exp\u00e9riences de mort imminente) et la spiritualit\u00e9. Il est remont\u00e9 pas \u00e0 pas le long de ces deux courants de Vie et montre qu\u2019ils proviennent de la m\u00eame Source : une \u00e9nergie d\u2019Amour absolu, infini et inconditionnel. Cette \u00e9nergie n\u2019attend que notre accord pour nous remplir de joie, d\u00e8s maintenant.\",\"sameAs\":[\"https:\\\/\\\/la-vie-et-apres.fr\\\/\",\"https:\\\/\\\/www.facebook.com\\\/profile.php?id=61556951952938\"]}]}<\/script>\n<!-- \/ Yoast SEO Premium plugin. -->","yoast_head_json":{"title":"EL AMOR ES LO \u00daNICO QUE CUENTA - La Vie, et Apr\u00e8s","description":"Descubre el magn\u00edfico mensaje de las Experiencias Cercanas a la Muerte: El amor es lo \u00fanico que cuenta. En esta vida y en la otra.","robots":{"index":"index","follow":"follow","max-snippet":"max-snippet:-1","max-image-preview":"max-image-preview:large","max-video-preview":"max-video-preview:-1"},"canonical":"https:\/\/la-vie-et-apres.fr\/es\/reserve\/","og_locale":"es_ES","og_type":"article","og_title":"EL AMOR ES LO \u00daNICO QUE CUENTA","og_description":"Descubre el magn\u00edfico mensaje de las Experiencias Cercanas a la Muerte: El amor es lo \u00fanico que cuenta. En esta vida y en la otra.","og_url":"https:\/\/la-vie-et-apres.fr\/es\/reserve\/","og_site_name":"La Vie, et Apr\u00e8s","article_publisher":"https:\/\/www.facebook.com\/profile.php?id=61556951952938","article_modified_time":"2025-09-12T05:35:07+00:00","og_image":[{"width":848,"height":1200,"url":"https:\/\/la-vie-et-apres.fr\/wp-content\/uploads\/2024\/03\/Flyer-livre-Stephane-Bourboulon-1.jpg","type":"image\/jpeg"}],"twitter_card":"summary_large_image","twitter_misc":{"Tiempo de lectura":"4 minutos"},"schema":{"@context":"https:\/\/schema.org","@graph":[{"@type":"WebPage","@id":"https:\/\/la-vie-et-apres.fr\/es\/reserve\/","url":"https:\/\/la-vie-et-apres.fr\/es\/reserve\/","name":"EL AMOR ES LO \u00daNICO QUE CUENTA - La Vie, et Apr\u00e8s","isPartOf":{"@id":"https:\/\/la-vie-et-apres.fr\/es\/#website"},"primaryImageOfPage":{"@id":"https:\/\/la-vie-et-apres.fr\/es\/reserve\/#primaryimage"},"image":{"@id":"https:\/\/la-vie-et-apres.fr\/es\/reserve\/#primaryimage"},"thumbnailUrl":"https:\/\/la-vie-et-apres.fr\/wp-content\/uploads\/2024\/03\/Flyer-livre-Stephane-Bourboulon-1.jpg","datePublished":"2024-03-20T14:05:57+00:00","dateModified":"2025-09-12T05:35:07+00:00","description":"Descubre el magn\u00edfico mensaje de las Experiencias Cercanas a la Muerte: El amor es lo \u00fanico que cuenta. En esta vida y en la otra.","breadcrumb":{"@id":"https:\/\/la-vie-et-apres.fr\/es\/reserve\/#breadcrumb"},"inLanguage":"es","potentialAction":[{"@type":"ReadAction","target":["https:\/\/la-vie-et-apres.fr\/es\/reserve\/"]}]},{"@type":"ImageObject","inLanguage":"es","@id":"https:\/\/la-vie-et-apres.fr\/es\/reserve\/#primaryimage","url":"https:\/\/la-vie-et-apres.fr\/wp-content\/uploads\/2024\/03\/Flyer-livre-Stephane-Bourboulon-1.jpg","contentUrl":"https:\/\/la-vie-et-apres.fr\/wp-content\/uploads\/2024\/03\/Flyer-livre-Stephane-Bourboulon-1.jpg"},{"@type":"BreadcrumbList","@id":"https:\/\/la-vie-et-apres.fr\/es\/reserve\/#breadcrumb","itemListElement":[{"@type":"ListItem","position":1,"name":"Accueil","item":"https:\/\/la-vie-et-apres.fr\/es\/"},{"@type":"ListItem","position":2,"name":"EL AMOR ES LO \u00daNICO QUE CUENTA"}]},{"@type":"WebSite","@id":"https:\/\/la-vie-et-apres.fr\/es\/#website","url":"https:\/\/la-vie-et-apres.fr\/es\/","name":"La vie et apr\u00e8s...","description":"Exp\u00e9riences de mort imminente, vie apr\u00e8s la mort","publisher":{"@id":"https:\/\/la-vie-et-apres.fr\/es\/#\/schema\/person\/acdfe2f65c2b4303a640ec9e7e4965c2"},"potentialAction":[{"@type":"SearchAction","target":{"@type":"EntryPoint","urlTemplate":"https:\/\/la-vie-et-apres.fr\/es\/?s={search_term_string}"},"query-input":{"@type":"PropertyValueSpecification","valueRequired":true,"valueName":"search_term_string"}}],"inLanguage":"es"},{"@type":["Person","Organization"],"@id":"https:\/\/la-vie-et-apres.fr\/es\/#\/schema\/person\/acdfe2f65c2b4303a640ec9e7e4965c2","name":"St\u00e9phane Bourboulon","image":{"@type":"ImageObject","inLanguage":"es","@id":"https:\/\/secure.gravatar.com\/avatar\/cd8f9a0c0b9bc539f40046d471caa518a55e72177c3eabc2bb94ca292ada580b?s=96&d=mm&r=g","url":"https:\/\/secure.gravatar.com\/avatar\/cd8f9a0c0b9bc539f40046d471caa518a55e72177c3eabc2bb94ca292ada580b?s=96&d=mm&r=g","contentUrl":"https:\/\/secure.gravatar.com\/avatar\/cd8f9a0c0b9bc539f40046d471caa518a55e72177c3eabc2bb94ca292ada580b?s=96&d=mm&r=g","caption":"St\u00e9phane Bourboulon"},"logo":{"@id":"https:\/\/secure.gravatar.com\/avatar\/cd8f9a0c0b9bc539f40046d471caa518a55e72177c3eabc2bb94ca292ada580b?s=96&d=mm&r=g"},"description":"Apr\u00e8s avoir v\u00e9cu une profonde exp\u00e9rience spirituelle, St\u00e9phane Bourboulon s'est passionn\u00e9 pour les liens entre les EMI (exp\u00e9riences de mort imminente) et la spiritualit\u00e9. Il est remont\u00e9 pas \u00e0 pas le long de ces deux courants de Vie et montre qu\u2019ils proviennent de la m\u00eame Source : une \u00e9nergie d\u2019Amour absolu, infini et inconditionnel. Cette \u00e9nergie n\u2019attend que notre accord pour nous remplir de joie, d\u00e8s maintenant.","sameAs":["https:\/\/la-vie-et-apres.fr\/","https:\/\/www.facebook.com\/profile.php?id=61556951952938"]}]}},"uagb_featured_image_src":{"full":false,"thumbnail":false,"medium":false,"medium_large":false,"large":false,"1536x1536":false,"2048x2048":false},"uagb_author_info":{"display_name":"St\u00e9phane Bourboulon","author_link":"https:\/\/la-vie-et-apres.fr\/es\/author\/julienwegnergmail-com\/"},"uagb_comment_info":0,"uagb_excerpt":"\u00bfTienes curiosidad por saber qu\u00e9 ocurre despu\u00e9s de la muerte? \u00bfSab\u00edas que esto arroja luz sobre el sentido de nuestra vida actual? Los relatos de Experiencias Cercanas a la Muerte (ECM) revelan que el amor es lo \u00fanico que importa en nuestras vidas. Confirman as\u00ed el mensaje central de todas las tradiciones espirituales. Descubre testimonios&hellip;","_links":{"self":[{"href":"https:\/\/la-vie-et-apres.fr\/es\/wp-json\/wp\/v2\/pages\/5723","targetHints":{"allow":["GET"]}}],"collection":[{"href":"https:\/\/la-vie-et-apres.fr\/es\/wp-json\/wp\/v2\/pages"}],"about":[{"href":"https:\/\/la-vie-et-apres.fr\/es\/wp-json\/wp\/v2\/types\/page"}],"author":[{"embeddable":true,"href":"https:\/\/la-vie-et-apres.fr\/es\/wp-json\/wp\/v2\/users\/3"}],"replies":[{"embeddable":true,"href":"https:\/\/la-vie-et-apres.fr\/es\/wp-json\/wp\/v2\/comments?post=5723"}],"version-history":[{"count":17,"href":"https:\/\/la-vie-et-apres.fr\/es\/wp-json\/wp\/v2\/pages\/5723\/revisions"}],"predecessor-version":[{"id":7174,"href":"https:\/\/la-vie-et-apres.fr\/es\/wp-json\/wp\/v2\/pages\/5723\/revisions\/7174"}],"wp:attachment":[{"href":"https:\/\/la-vie-et-apres.fr\/es\/wp-json\/wp\/v2\/media?parent=5723"}],"curies":[{"name":"wp","href":"https:\/\/api.w.org\/{rel}","templated":true}]}}