{"id":7088,"date":"2025-07-07T12:10:19","date_gmt":"2025-07-07T12:10:19","guid":{"rendered":"https:\/\/la-vie-et-apres.fr\/cuando-la-luz-nos-transforma\/"},"modified":"2025-08-24T07:26:05","modified_gmt":"2025-08-24T07:26:05","slug":"cuando-la-luz-nos-transforma","status":"publish","type":"page","link":"https:\/\/la-vie-et-apres.fr\/es\/cuando-la-luz-nos-transforma\/","title":{"rendered":"CUANDO LA LUZ NOS TRANSFORMA"},"content":{"rendered":"\n<h2 class=\"wp-block-heading has-medium-font-size\" id=\"h-un-livre-inspirant-sur-les-emi-l-amour-et-la-transformation-interieure\">Un libro inspirador sobre ECM, el amor y la transformaci\u00f3n interior<\/h2>\n\n<figure class=\"wp-block-image size-full is-resized is-style-default\"><img loading=\"lazy\" decoding=\"async\" width=\"1167\" height=\"1800\" src=\"https:\/\/la-vie-et-apres.fr\/wp-content\/uploads\/2025\/07\/Librinova_quand-la-lumiere-nous-transforme-couverture-1.jpg\" alt=\"\" class=\"wp-image-7084\" style=\"width:461px;height:auto\" srcset=\"https:\/\/la-vie-et-apres.fr\/wp-content\/uploads\/2025\/07\/Librinova_quand-la-lumiere-nous-transforme-couverture-1.jpg 1167w, https:\/\/la-vie-et-apres.fr\/wp-content\/uploads\/2025\/07\/Librinova_quand-la-lumiere-nous-transforme-couverture-1-195x300.jpg 195w, https:\/\/la-vie-et-apres.fr\/wp-content\/uploads\/2025\/07\/Librinova_quand-la-lumiere-nous-transforme-couverture-1-664x1024.jpg 664w, https:\/\/la-vie-et-apres.fr\/wp-content\/uploads\/2025\/07\/Librinova_quand-la-lumiere-nous-transforme-couverture-1-768x1185.jpg 768w, https:\/\/la-vie-et-apres.fr\/wp-content\/uploads\/2025\/07\/Librinova_quand-la-lumiere-nous-transforme-couverture-1-996x1536.jpg 996w\" sizes=\"auto, (max-width: 1167px) 100vw, 1167px\" \/><\/figure>\n\n<h2 class=\"wp-block-heading has-medium-font-size\" id=\"h-et-si-vous-pouviez-vous-aussi-vivre-avec-plus-d-amour-et-de-joie-sans-attendre-de-faire-une-emi\"><strong>\u00bfY si t\u00fa tambi\u00e9n pudieras vivir con m\u00e1s amor y alegr\u00eda, sin esperar a hacer un ECM?<\/strong><\/h2>\n\n<p>Quienes han experimentado un ECM regresan transformados: ya no temen a la muerte y sienten una alegr\u00eda interior duradera y una profunda confianza en la vida.<\/p>\n\n<p>Descubrieron una Energ\u00eda de Amor infinito, una Luz que les envolvi\u00f3 por completo y les revel\u00f3 el sentido profundo de nuestra existencia: aprender a amar -y a amarse- cada vez m\u00e1s incondicionalmente.<\/p>\n\n<h2 class=\"wp-block-heading has-medium-font-size\" id=\"h-des-pratiques-concretes-pour-integrer-l-amour-et-la-lumiere-dans-votre-vie\">Formas pr\u00e1cticas de integrar el amor y la luz en tu vida<\/h2>\n\n<p>Este libro te invita a integrar en tu vida las preciosas ense\u00f1anzas de ECM. A trav\u00e9s de historias, reflexiones, pr\u00e1cticas cotidianas y conmovedores relatos personales, te gu\u00eda por un camino de apertura, sanaci\u00f3n interior y transformaci\u00f3n personal.   <\/p>\n\n<p>Un camino hacia una vida m\u00e1s amorosa, m\u00e1s luminosa, m\u00e1s consciente.<\/p>\n\n<p>Un libro inspirador y esperanzador que bien podr\u00eda cambiar tu forma de ver la vida&#8230; y de verte a ti mismo.<\/p>\n\n<p>\u00bfListo para abrir tu coraz\u00f3n a una realidad infinitamente amorosa, y hacer de cada d\u00eda una fuente de alegr\u00eda y transformaci\u00f3n interior?<\/p>\n\n<p><strong>St\u00e9phane Bourboulon<\/strong>, autor de L&#8217;Amour est la seule chose qui compte &#8211; Les Exp\u00e9riences de Mort Imminente, un message de joie sur la vie apr\u00e8s la vie, explora con rara sensibilidad el luminoso mensaje de ECM y sus v\u00ednculos con distintas tradiciones espirituales. En este nuevo libro, profundiza en el poder transformador de estas experiencias extraordinarias, al tiempo que comparte con sinceridad sus propias vivencias espirituales. Un testimonio profundo y aut\u00e9ntico, en la encrucijada de lo \u00edntimo y lo universal.  <\/p>\n\n<p><\/p>\n\n<div class=\"wp-block-buttons is-layout-flex wp-block-buttons-is-layout-flex\">\n<div class=\"wp-block-button\"><a class=\"wp-block-button__link wp-element-button\" href=\"https:\/\/www.fnac.com\/a21723870\/Stephane-Bourboulon-Quand-la-lumiere-nous-transforme\" target=\"_blank\" rel=\"noreferrer noopener\">Comprar la versi\u00f3n francesa en Fnac.com<\/a><\/div>\n\n\n\n<div class=\"wp-block-button\"><a class=\"wp-block-button__link wp-element-button\" href=\"https:\/\/amzn.eu\/d\/h2bfIBf\" target=\"_blank\" rel=\"noreferrer noopener\">O en Amazon.es<\/a><\/div>\n<\/div>\n\n<p><strong>LOS LECTORES HABLAN DE ELLO :<\/strong><\/p>\n\n<blockquote class=\"wp-block-quote is-layout-flow wp-block-quote-is-layout-flow\">\n<p><em>Un libro que sienta bien y da mucha esperanza. Puede ayudar a aliviar la angustia de la muerte, y da un nuevo sentido a nuestras vidas: compartir el amor. <\/em>  Marie.<\/p>\n\n\n\n<p><em>Es un libro excelente&#8230; lleno de delicadeza combinada con una gran profundidad de visi\u00f3n&#8230; Extremadamente bien ilustrado con muchos relatos personales fascinantes&#8230; \u00a1Muchas gracias por esta visi\u00f3n! <\/em>  Fran\u00e7ois.<\/p>\n\n\n\n<p><em>Saldr\u00e1s de esta suave lectura con la confirmaci\u00f3n de la importancia de tu propia vida, y la certeza de que el final de esta vida terrenal es simplemente un retorno a la vida verdadera.  <\/em>Jean-Pierre<\/p>\n<\/blockquote>\n\n<p><\/p>\n\n<p><\/p>\n\n<p><\/p>\n","protected":false},"excerpt":{"rendered":"<p>Un libro inspirador sobre ECM, el amor y la transformaci\u00f3n interior \u00bfY si t\u00fa tambi\u00e9n pudieras vivir con m\u00e1s amor y alegr\u00eda, sin esperar a hacer un ECM? Quienes han experimentado un ECM regresan transformados: ya no temen a la muerte y sienten una alegr\u00eda interior duradera y una profunda confianza en la vida. Descubrieron [&hellip;]<\/p>\n","protected":false},"author":3,"featured_media":0,"parent":0,"menu_order":0,"comment_status":"closed","ping_status":"closed","template":"","meta":{"_uag_custom_page_level_css":"","_monsterinsights_skip_tracking":false,"_monsterinsights_sitenote_active":false,"_monsterinsights_sitenote_note":"","_monsterinsights_sitenote_category":0,"_uf_show_specific_survey":0,"_uf_disable_surveys":false,"site-sidebar-layout":"default","site-content-layout":"","ast-site-content-layout":"","site-content-style":"default","site-sidebar-style":"default","ast-global-header-display":"","ast-banner-title-visibility":"","ast-main-header-display":"","ast-hfb-above-header-display":"","ast-hfb-below-header-display":"","ast-hfb-mobile-header-display":"","site-post-title":"","ast-breadcrumbs-content":"","ast-featured-img":"","footer-sml-layout":"","theme-transparent-header-meta":"","adv-header-id-meta":"","stick-header-meta":"","header-above-stick-meta":"","header-main-stick-meta":"","header-below-stick-meta":"","astra-migrate-meta-layouts":"default","ast-page-background-enabled":"default","ast-page-background-meta":{"desktop":{"background-color":"var(--ast-global-color-4)","background-image":"","background-repeat":"repeat","background-position":"center center","background-size":"auto","background-attachment":"scroll","background-type":"","background-media":"","overlay-type":"","overlay-color":"","overlay-opacity":"","overlay-gradient":""},"tablet":{"background-color":"","background-image":"","background-repeat":"repeat","background-position":"center center","background-size":"auto","background-attachment":"scroll","background-type":"","background-media":"","overlay-type":"","overlay-color":"","overlay-opacity":"","overlay-gradient":""},"mobile":{"background-color":"","background-image":"","background-repeat":"repeat","background-position":"center center","background-size":"auto","background-attachment":"scroll","background-type":"","background-media":"","overlay-type":"","overlay-color":"","overlay-opacity":"","overlay-gradient":""}},"ast-content-background-meta":{"desktop":{"background-color":"var(--ast-global-color-5)","background-image":"","background-repeat":"repeat","background-position":"center center","background-size":"auto","background-attachment":"scroll","background-type":"","background-media":"","overlay-type":"","overlay-color":"","overlay-opacity":"","overlay-gradient":""},"tablet":{"background-color":"var(--ast-global-color-5)","background-image":"","background-repeat":"repeat","background-position":"center center","background-size":"auto","background-attachment":"scroll","background-type":"","background-media":"","overlay-type":"","overlay-color":"","overlay-opacity":"","overlay-gradient":""},"mobile":{"background-color":"var(--ast-global-color-5)","background-image":"","background-repeat":"repeat","background-position":"center center","background-size":"auto","background-attachment":"scroll","background-type":"","background-media":"","overlay-type":"","overlay-color":"","overlay-opacity":"","overlay-gradient":""}},"footnotes":""},"class_list":["post-7088","page","type-page","status-publish","hentry"],"yoast_head":"<!-- This site is optimized with the Yoast SEO Premium plugin v24.9 (Yoast SEO v27.5) - https:\/\/yoast.com\/product\/yoast-seo-premium-wordpress\/ -->\n<title>CUANDO LA LUZ NOS TRANSFORMA - La Vie, et Apr\u00e8s<\/title>\n<meta name=\"description\" content=\"Descubre &quot;Cuando la luz nos transforma&quot;, un libro inspirador de St\u00e9phane Bourboulon que explora el mensaje luminoso de las experiencias cercanas a la muerte (ECM). Una invitaci\u00f3n a experimentar m\u00e1s amor, alegr\u00eda y conciencia en nuestra vida cotidiana.\" \/>\n<meta name=\"robots\" content=\"index, follow, max-snippet:-1, max-image-preview:large, max-video-preview:-1\" \/>\n<link rel=\"canonical\" href=\"https:\/\/la-vie-et-apres.fr\/es\/cuando-la-luz-nos-transforma\/\" \/>\n<meta property=\"og:locale\" content=\"es_ES\" \/>\n<meta property=\"og:type\" content=\"article\" \/>\n<meta property=\"og:title\" content=\"CUANDO LA LUZ NOS TRANSFORMA\" \/>\n<meta property=\"og:description\" content=\"Descubre &quot;Cuando la luz nos transforma&quot;, un libro inspirador de St\u00e9phane Bourboulon que explora el mensaje luminoso de las experiencias cercanas a la muerte (ECM). Una invitaci\u00f3n a experimentar m\u00e1s amor, alegr\u00eda y conciencia en nuestra vida cotidiana.\" \/>\n<meta property=\"og:url\" content=\"https:\/\/la-vie-et-apres.fr\/es\/cuando-la-luz-nos-transforma\/\" \/>\n<meta property=\"og:site_name\" content=\"La Vie, et Apr\u00e8s\" \/>\n<meta property=\"article:publisher\" content=\"https:\/\/www.facebook.com\/profile.php?id=61556951952938\" \/>\n<meta property=\"article:modified_time\" content=\"2025-08-24T07:26:05+00:00\" \/>\n<meta property=\"og:image\" content=\"https:\/\/la-vie-et-apres.fr\/wp-content\/uploads\/2025\/07\/Librinova_quand-la-lumiere-nous-transforme-couverture-1.jpg\" \/>\n\t<meta property=\"og:image:width\" content=\"1167\" \/>\n\t<meta property=\"og:image:height\" content=\"1800\" \/>\n\t<meta property=\"og:image:type\" content=\"image\/jpeg\" \/>\n<meta name=\"twitter:card\" content=\"summary_large_image\" \/>\n<meta name=\"twitter:label1\" content=\"Tiempo de lectura\" \/>\n\t<meta name=\"twitter:data1\" content=\"2 minutos\" \/>\n<script type=\"application\/ld+json\" class=\"yoast-schema-graph\">{\"@context\":\"https:\\\/\\\/schema.org\",\"@graph\":[{\"@type\":\"WebPage\",\"@id\":\"https:\\\/\\\/la-vie-et-apres.fr\\\/es\\\/cuando-la-luz-nos-transforma\\\/\",\"url\":\"https:\\\/\\\/la-vie-et-apres.fr\\\/es\\\/cuando-la-luz-nos-transforma\\\/\",\"name\":\"CUANDO LA LUZ NOS TRANSFORMA - La Vie, et Apr\u00e8s\",\"isPartOf\":{\"@id\":\"https:\\\/\\\/la-vie-et-apres.fr\\\/es\\\/#website\"},\"primaryImageOfPage\":{\"@id\":\"https:\\\/\\\/la-vie-et-apres.fr\\\/es\\\/cuando-la-luz-nos-transforma\\\/#primaryimage\"},\"image\":{\"@id\":\"https:\\\/\\\/la-vie-et-apres.fr\\\/es\\\/cuando-la-luz-nos-transforma\\\/#primaryimage\"},\"thumbnailUrl\":\"https:\\\/\\\/la-vie-et-apres.fr\\\/wp-content\\\/uploads\\\/2025\\\/07\\\/Librinova_quand-la-lumiere-nous-transforme-couverture-1.jpg\",\"datePublished\":\"2025-07-07T12:10:19+00:00\",\"dateModified\":\"2025-08-24T07:26:05+00:00\",\"description\":\"Descubre \\\"Cuando la luz nos transforma\\\", un libro inspirador de St\u00e9phane Bourboulon que explora el mensaje luminoso de las experiencias cercanas a la muerte (ECM). Una invitaci\u00f3n a experimentar m\u00e1s amor, alegr\u00eda y conciencia en nuestra vida cotidiana.\",\"breadcrumb\":{\"@id\":\"https:\\\/\\\/la-vie-et-apres.fr\\\/es\\\/cuando-la-luz-nos-transforma\\\/#breadcrumb\"},\"inLanguage\":\"es\",\"potentialAction\":[{\"@type\":\"ReadAction\",\"target\":[\"https:\\\/\\\/la-vie-et-apres.fr\\\/es\\\/cuando-la-luz-nos-transforma\\\/\"]}]},{\"@type\":\"ImageObject\",\"inLanguage\":\"es\",\"@id\":\"https:\\\/\\\/la-vie-et-apres.fr\\\/es\\\/cuando-la-luz-nos-transforma\\\/#primaryimage\",\"url\":\"https:\\\/\\\/la-vie-et-apres.fr\\\/wp-content\\\/uploads\\\/2025\\\/07\\\/Librinova_quand-la-lumiere-nous-transforme-couverture-1.jpg\",\"contentUrl\":\"https:\\\/\\\/la-vie-et-apres.fr\\\/wp-content\\\/uploads\\\/2025\\\/07\\\/Librinova_quand-la-lumiere-nous-transforme-couverture-1.jpg\"},{\"@type\":\"BreadcrumbList\",\"@id\":\"https:\\\/\\\/la-vie-et-apres.fr\\\/es\\\/cuando-la-luz-nos-transforma\\\/#breadcrumb\",\"itemListElement\":[{\"@type\":\"ListItem\",\"position\":1,\"name\":\"Accueil\",\"item\":\"https:\\\/\\\/la-vie-et-apres.fr\\\/es\\\/\"},{\"@type\":\"ListItem\",\"position\":2,\"name\":\"CUANDO LA LUZ NOS TRANSFORMA\"}]},{\"@type\":\"WebSite\",\"@id\":\"https:\\\/\\\/la-vie-et-apres.fr\\\/es\\\/#website\",\"url\":\"https:\\\/\\\/la-vie-et-apres.fr\\\/es\\\/\",\"name\":\"La vie et apr\u00e8s...\",\"description\":\"Exp\u00e9riences de mort imminente, vie apr\u00e8s la mort\",\"publisher\":{\"@id\":\"https:\\\/\\\/la-vie-et-apres.fr\\\/es\\\/#\\\/schema\\\/person\\\/acdfe2f65c2b4303a640ec9e7e4965c2\"},\"potentialAction\":[{\"@type\":\"SearchAction\",\"target\":{\"@type\":\"EntryPoint\",\"urlTemplate\":\"https:\\\/\\\/la-vie-et-apres.fr\\\/es\\\/?s={search_term_string}\"},\"query-input\":{\"@type\":\"PropertyValueSpecification\",\"valueRequired\":true,\"valueName\":\"search_term_string\"}}],\"inLanguage\":\"es\"},{\"@type\":[\"Person\",\"Organization\"],\"@id\":\"https:\\\/\\\/la-vie-et-apres.fr\\\/es\\\/#\\\/schema\\\/person\\\/acdfe2f65c2b4303a640ec9e7e4965c2\",\"name\":\"St\u00e9phane Bourboulon\",\"image\":{\"@type\":\"ImageObject\",\"inLanguage\":\"es\",\"@id\":\"https:\\\/\\\/secure.gravatar.com\\\/avatar\\\/cd8f9a0c0b9bc539f40046d471caa518a55e72177c3eabc2bb94ca292ada580b?s=96&d=mm&r=g\",\"url\":\"https:\\\/\\\/secure.gravatar.com\\\/avatar\\\/cd8f9a0c0b9bc539f40046d471caa518a55e72177c3eabc2bb94ca292ada580b?s=96&d=mm&r=g\",\"contentUrl\":\"https:\\\/\\\/secure.gravatar.com\\\/avatar\\\/cd8f9a0c0b9bc539f40046d471caa518a55e72177c3eabc2bb94ca292ada580b?s=96&d=mm&r=g\",\"caption\":\"St\u00e9phane Bourboulon\"},\"logo\":{\"@id\":\"https:\\\/\\\/secure.gravatar.com\\\/avatar\\\/cd8f9a0c0b9bc539f40046d471caa518a55e72177c3eabc2bb94ca292ada580b?s=96&d=mm&r=g\"},\"description\":\"Apr\u00e8s avoir v\u00e9cu une profonde exp\u00e9rience spirituelle, St\u00e9phane Bourboulon s'est passionn\u00e9 pour les liens entre les EMI (exp\u00e9riences de mort imminente) et la spiritualit\u00e9. Il est remont\u00e9 pas \u00e0 pas le long de ces deux courants de Vie et montre qu\u2019ils proviennent de la m\u00eame Source : une \u00e9nergie d\u2019Amour absolu, infini et inconditionnel. Cette \u00e9nergie n\u2019attend que notre accord pour nous remplir de joie, d\u00e8s maintenant.\",\"sameAs\":[\"https:\\\/\\\/la-vie-et-apres.fr\\\/\",\"https:\\\/\\\/www.facebook.com\\\/profile.php?id=61556951952938\"]}]}<\/script>\n<!-- \/ Yoast SEO Premium plugin. -->","yoast_head_json":{"title":"CUANDO LA LUZ NOS TRANSFORMA - La Vie, et Apr\u00e8s","description":"Descubre \"Cuando la luz nos transforma\", un libro inspirador de St\u00e9phane Bourboulon que explora el mensaje luminoso de las experiencias cercanas a la muerte (ECM). Una invitaci\u00f3n a experimentar m\u00e1s amor, alegr\u00eda y conciencia en nuestra vida cotidiana.","robots":{"index":"index","follow":"follow","max-snippet":"max-snippet:-1","max-image-preview":"max-image-preview:large","max-video-preview":"max-video-preview:-1"},"canonical":"https:\/\/la-vie-et-apres.fr\/es\/cuando-la-luz-nos-transforma\/","og_locale":"es_ES","og_type":"article","og_title":"CUANDO LA LUZ NOS TRANSFORMA","og_description":"Descubre \"Cuando la luz nos transforma\", un libro inspirador de St\u00e9phane Bourboulon que explora el mensaje luminoso de las experiencias cercanas a la muerte (ECM). Una invitaci\u00f3n a experimentar m\u00e1s amor, alegr\u00eda y conciencia en nuestra vida cotidiana.","og_url":"https:\/\/la-vie-et-apres.fr\/es\/cuando-la-luz-nos-transforma\/","og_site_name":"La Vie, et Apr\u00e8s","article_publisher":"https:\/\/www.facebook.com\/profile.php?id=61556951952938","article_modified_time":"2025-08-24T07:26:05+00:00","og_image":[{"width":1167,"height":1800,"url":"https:\/\/la-vie-et-apres.fr\/wp-content\/uploads\/2025\/07\/Librinova_quand-la-lumiere-nous-transforme-couverture-1.jpg","type":"image\/jpeg"}],"twitter_card":"summary_large_image","twitter_misc":{"Tiempo de lectura":"2 minutos"},"schema":{"@context":"https:\/\/schema.org","@graph":[{"@type":"WebPage","@id":"https:\/\/la-vie-et-apres.fr\/es\/cuando-la-luz-nos-transforma\/","url":"https:\/\/la-vie-et-apres.fr\/es\/cuando-la-luz-nos-transforma\/","name":"CUANDO LA LUZ NOS TRANSFORMA - La Vie, et Apr\u00e8s","isPartOf":{"@id":"https:\/\/la-vie-et-apres.fr\/es\/#website"},"primaryImageOfPage":{"@id":"https:\/\/la-vie-et-apres.fr\/es\/cuando-la-luz-nos-transforma\/#primaryimage"},"image":{"@id":"https:\/\/la-vie-et-apres.fr\/es\/cuando-la-luz-nos-transforma\/#primaryimage"},"thumbnailUrl":"https:\/\/la-vie-et-apres.fr\/wp-content\/uploads\/2025\/07\/Librinova_quand-la-lumiere-nous-transforme-couverture-1.jpg","datePublished":"2025-07-07T12:10:19+00:00","dateModified":"2025-08-24T07:26:05+00:00","description":"Descubre \"Cuando la luz nos transforma\", un libro inspirador de St\u00e9phane Bourboulon que explora el mensaje luminoso de las experiencias cercanas a la muerte (ECM). Una invitaci\u00f3n a experimentar m\u00e1s amor, alegr\u00eda y conciencia en nuestra vida cotidiana.","breadcrumb":{"@id":"https:\/\/la-vie-et-apres.fr\/es\/cuando-la-luz-nos-transforma\/#breadcrumb"},"inLanguage":"es","potentialAction":[{"@type":"ReadAction","target":["https:\/\/la-vie-et-apres.fr\/es\/cuando-la-luz-nos-transforma\/"]}]},{"@type":"ImageObject","inLanguage":"es","@id":"https:\/\/la-vie-et-apres.fr\/es\/cuando-la-luz-nos-transforma\/#primaryimage","url":"https:\/\/la-vie-et-apres.fr\/wp-content\/uploads\/2025\/07\/Librinova_quand-la-lumiere-nous-transforme-couverture-1.jpg","contentUrl":"https:\/\/la-vie-et-apres.fr\/wp-content\/uploads\/2025\/07\/Librinova_quand-la-lumiere-nous-transforme-couverture-1.jpg"},{"@type":"BreadcrumbList","@id":"https:\/\/la-vie-et-apres.fr\/es\/cuando-la-luz-nos-transforma\/#breadcrumb","itemListElement":[{"@type":"ListItem","position":1,"name":"Accueil","item":"https:\/\/la-vie-et-apres.fr\/es\/"},{"@type":"ListItem","position":2,"name":"CUANDO LA LUZ NOS TRANSFORMA"}]},{"@type":"WebSite","@id":"https:\/\/la-vie-et-apres.fr\/es\/#website","url":"https:\/\/la-vie-et-apres.fr\/es\/","name":"La vie et apr\u00e8s...","description":"Exp\u00e9riences de mort imminente, vie apr\u00e8s la mort","publisher":{"@id":"https:\/\/la-vie-et-apres.fr\/es\/#\/schema\/person\/acdfe2f65c2b4303a640ec9e7e4965c2"},"potentialAction":[{"@type":"SearchAction","target":{"@type":"EntryPoint","urlTemplate":"https:\/\/la-vie-et-apres.fr\/es\/?s={search_term_string}"},"query-input":{"@type":"PropertyValueSpecification","valueRequired":true,"valueName":"search_term_string"}}],"inLanguage":"es"},{"@type":["Person","Organization"],"@id":"https:\/\/la-vie-et-apres.fr\/es\/#\/schema\/person\/acdfe2f65c2b4303a640ec9e7e4965c2","name":"St\u00e9phane Bourboulon","image":{"@type":"ImageObject","inLanguage":"es","@id":"https:\/\/secure.gravatar.com\/avatar\/cd8f9a0c0b9bc539f40046d471caa518a55e72177c3eabc2bb94ca292ada580b?s=96&d=mm&r=g","url":"https:\/\/secure.gravatar.com\/avatar\/cd8f9a0c0b9bc539f40046d471caa518a55e72177c3eabc2bb94ca292ada580b?s=96&d=mm&r=g","contentUrl":"https:\/\/secure.gravatar.com\/avatar\/cd8f9a0c0b9bc539f40046d471caa518a55e72177c3eabc2bb94ca292ada580b?s=96&d=mm&r=g","caption":"St\u00e9phane Bourboulon"},"logo":{"@id":"https:\/\/secure.gravatar.com\/avatar\/cd8f9a0c0b9bc539f40046d471caa518a55e72177c3eabc2bb94ca292ada580b?s=96&d=mm&r=g"},"description":"Apr\u00e8s avoir v\u00e9cu une profonde exp\u00e9rience spirituelle, St\u00e9phane Bourboulon s'est passionn\u00e9 pour les liens entre les EMI (exp\u00e9riences de mort imminente) et la spiritualit\u00e9. Il est remont\u00e9 pas \u00e0 pas le long de ces deux courants de Vie et montre qu\u2019ils proviennent de la m\u00eame Source : une \u00e9nergie d\u2019Amour absolu, infini et inconditionnel. Cette \u00e9nergie n\u2019attend que notre accord pour nous remplir de joie, d\u00e8s maintenant.","sameAs":["https:\/\/la-vie-et-apres.fr\/","https:\/\/www.facebook.com\/profile.php?id=61556951952938"]}]}},"uagb_featured_image_src":{"full":false,"thumbnail":false,"medium":false,"medium_large":false,"large":false,"1536x1536":false,"2048x2048":false},"uagb_author_info":{"display_name":"St\u00e9phane Bourboulon","author_link":"https:\/\/la-vie-et-apres.fr\/es\/author\/julienwegnergmail-com\/"},"uagb_comment_info":0,"uagb_excerpt":"Un libro inspirador sobre ECM, el amor y la transformaci\u00f3n interior \u00bfY si t\u00fa tambi\u00e9n pudieras vivir con m\u00e1s amor y alegr\u00eda, sin esperar a hacer un ECM? Quienes han experimentado un ECM regresan transformados: ya no temen a la muerte y sienten una alegr\u00eda interior duradera y una profunda confianza en la vida. Descubrieron&hellip;","_links":{"self":[{"href":"https:\/\/la-vie-et-apres.fr\/es\/wp-json\/wp\/v2\/pages\/7088","targetHints":{"allow":["GET"]}}],"collection":[{"href":"https:\/\/la-vie-et-apres.fr\/es\/wp-json\/wp\/v2\/pages"}],"about":[{"href":"https:\/\/la-vie-et-apres.fr\/es\/wp-json\/wp\/v2\/types\/page"}],"author":[{"embeddable":true,"href":"https:\/\/la-vie-et-apres.fr\/es\/wp-json\/wp\/v2\/users\/3"}],"replies":[{"embeddable":true,"href":"https:\/\/la-vie-et-apres.fr\/es\/wp-json\/wp\/v2\/comments?post=7088"}],"version-history":[{"count":7,"href":"https:\/\/la-vie-et-apres.fr\/es\/wp-json\/wp\/v2\/pages\/7088\/revisions"}],"predecessor-version":[{"id":7169,"href":"https:\/\/la-vie-et-apres.fr\/es\/wp-json\/wp\/v2\/pages\/7088\/revisions\/7169"}],"wp:attachment":[{"href":"https:\/\/la-vie-et-apres.fr\/es\/wp-json\/wp\/v2\/media?parent=7088"}],"curies":[{"name":"wp","href":"https:\/\/api.w.org\/{rel}","templated":true}]}}